{"id":100732,"date":"2023-03-20T23:23:18","date_gmt":"2023-03-20T23:23:18","guid":{"rendered":"https:\/\/mandarin.digiants.agency\/product\/zapalnychka-extreme-defi-extreme-vintage-matova-mid\/"},"modified":"2026-01-06T17:27:22","modified_gmt":"2026-01-06T17:27:22","slug":"zapalnychka-extreme-defi-extreme-vintage-matova-mid","status":"publish","type":"product","link":"https:\/\/mandarin.digiants.agency\/en\/product\/zapalnychka-extreme-defi-extreme-vintage-matova-mid\/","title":{"rendered":"S.T. Dupont Defi extr\u00eame vintage brushed copper lighter"},"content":{"rendered":"<p>S.T. Dupont has continued to innovate and upgrade with its new, incomparably high-performing lighter, the brushed copper D\u00e9fi Extr\u00eame. Its assertive, dynamic and decidedly masculine design symbolises high performance, and its innovative and unique construction combines a body with high-precision injected metal and a semi rigid jacket for increased protection. Its intuitive ergonomics and its tactile features with the diamond head pattern make D\u00e9fi Extr\u00eame the everyday \u201cobject d\u2019art\u201d, under all circumstances. Its powerful and stable blue torch flame resists the most violent winds. D\u00e9fi Extr\u00eame is effective from the coldest temperatures (-10\u00b0C) to the hottest (+45\u00b0C) and works at a height of more than 3500 m, where other lighters fail to operate.<\/p>\n<p>Associated gas refill : red for D\u00e9fi Extr\u00eame &#038; XXtr\u00eame (REF 900436)<\/p>\n<p>DETAILS<br \/>\nDIMENSIONS 45 x 68,2 x 15,3mm<\/p>\n<p>MATERIALS Chrome<\/p>\n<p>WEIGHT 80g<\/p>\n<p>COMMENTS Non-contractual photos<\/p>\n","protected":false},"excerpt":{"rendered":"<p>S.T. Dupont has continued to innovate and upgrade with its new, incomparably high-performing lighter, the brushed copper D\u00e9fi Extr\u00eame. Its assertive, dynamic and decidedly masculine design symbolises high performance, and its innovative and unique construction combines a body with high-precision injected metal and a semi rigid jacket for increased protection. Its intuitive ergonomics and its<\/p>\n","protected":false},"featured_media":102595,"comment_status":"closed","ping_status":"closed","template":"","meta":[],"brand":[28577],"painter":[],"genre":[],"acf":[],"_links":{"self":[{"href":"https:\/\/mandarin.digiants.agency\/en\/wp-json\/wp\/v2\/product\/100732"}],"collection":[{"href":"https:\/\/mandarin.digiants.agency\/en\/wp-json\/wp\/v2\/product"}],"about":[{"href":"https:\/\/mandarin.digiants.agency\/en\/wp-json\/wp\/v2\/types\/product"}],"replies":[{"embeddable":true,"href":"https:\/\/mandarin.digiants.agency\/en\/wp-json\/wp\/v2\/comments?post=100732"}],"wp:featuredmedia":[{"embeddable":true,"href":"https:\/\/mandarin.digiants.agency\/en\/wp-json\/wp\/v2\/media\/102595"}],"wp:attachment":[{"href":"https:\/\/mandarin.digiants.agency\/en\/wp-json\/wp\/v2\/media?parent=100732"}],"wp:term":[{"taxonomy":"brand","embeddable":true,"href":"https:\/\/mandarin.digiants.agency\/en\/wp-json\/wp\/v2\/brand?post=100732"},{"taxonomy":"painter","embeddable":true,"href":"https:\/\/mandarin.digiants.agency\/en\/wp-json\/wp\/v2\/painter?post=100732"},{"taxonomy":"genre","embeddable":true,"href":"https:\/\/mandarin.digiants.agency\/en\/wp-json\/wp\/v2\/genre?post=100732"}],"curies":[{"name":"wp","href":"https:\/\/api.w.org\/{rel}","templated":true}]}}