{"id":101237,"date":"2023-04-19T22:18:49","date_gmt":"2023-04-19T22:18:49","guid":{"rendered":"https:\/\/mandarin.digiants.agency\/product\/vaza-lalique-champs-elysees-blue-25-sm\/"},"modified":"2026-01-06T17:26:54","modified_gmt":"2026-01-06T17:26:54","slug":"vaza-lalique-champs-elysees-blue-25-sm","status":"publish","type":"product","link":"https:\/\/mandarin.digiants.agency\/en\/product\/vaza-lalique-champs-elysees-blue-25-sm\/","title":{"rendered":"Lalique Champs-\u00c9lys\u00e9es blue vase 25 cm"},"content":{"rendered":"<p>Lalique Champs-\u00c9lys\u00e9es blue vase 25 cm<\/p>\n<p>100 years. A century of art and brilliance. To celebrate the anniversary of its factory, Lalique\u2019s most iconic pieces have been clothed in cerulean blue. This vibrant color, a symbol of eternity and hope, is an invitation to dive once more into the singular and refined world of the crystal works.<\/p>\n<p>You can buy Lalique crystal vases, glasses and sculptures on MANDARIN MAISON website with delivery in Ukraine or pick up your order in our store: Mandarin Plaza Mall 5th floor, Kyiv.<\/p>\n","protected":false},"excerpt":{"rendered":"<p>Lalique Champs-\u00c9lys\u00e9es blue vase 25 cm 100 years. A century of art and brilliance. To celebrate the anniversary of its factory, Lalique\u2019s most iconic pieces have been clothed in cerulean blue. This vibrant color, a symbol of eternity and hope, is an invitation to dive once more into the singular and refined world of the<\/p>\n","protected":false},"featured_media":101238,"comment_status":"closed","ping_status":"closed","template":"","meta":[],"brand":[28653],"painter":[],"genre":[],"acf":[],"_links":{"self":[{"href":"https:\/\/mandarin.digiants.agency\/en\/wp-json\/wp\/v2\/product\/101237"}],"collection":[{"href":"https:\/\/mandarin.digiants.agency\/en\/wp-json\/wp\/v2\/product"}],"about":[{"href":"https:\/\/mandarin.digiants.agency\/en\/wp-json\/wp\/v2\/types\/product"}],"replies":[{"embeddable":true,"href":"https:\/\/mandarin.digiants.agency\/en\/wp-json\/wp\/v2\/comments?post=101237"}],"wp:featuredmedia":[{"embeddable":true,"href":"https:\/\/mandarin.digiants.agency\/en\/wp-json\/wp\/v2\/media\/101238"}],"wp:attachment":[{"href":"https:\/\/mandarin.digiants.agency\/en\/wp-json\/wp\/v2\/media?parent=101237"}],"wp:term":[{"taxonomy":"brand","embeddable":true,"href":"https:\/\/mandarin.digiants.agency\/en\/wp-json\/wp\/v2\/brand?post=101237"},{"taxonomy":"painter","embeddable":true,"href":"https:\/\/mandarin.digiants.agency\/en\/wp-json\/wp\/v2\/painter?post=101237"},{"taxonomy":"genre","embeddable":true,"href":"https:\/\/mandarin.digiants.agency\/en\/wp-json\/wp\/v2\/genre?post=101237"}],"curies":[{"name":"wp","href":"https:\/\/api.w.org\/{rel}","templated":true}]}}