{"id":102451,"date":"2023-08-16T22:17:45","date_gmt":"2023-08-16T22:17:45","guid":{"rendered":"https:\/\/mandarin.digiants.agency\/product\/podarunkovyj-nabir-cristel-castelpro-tete-a-tete-2-kastruli-10-sm-knyga-reczeptiv\/"},"modified":"2026-01-06T17:27:56","modified_gmt":"2026-01-06T17:27:56","slug":"podarunkovyj-nabir-cristel-castelpro-tete-a-tete-2-kastruli-10-sm-knyga-reczeptiv","status":"publish","type":"product","link":"https:\/\/mandarin.digiants.agency\/en\/product\/podarunkovyj-nabir-cristel-castelpro-tete-a-tete-2-kastruli-10-sm-knyga-reczeptiv\/","title":{"rendered":"Gift set Cristel Castel&#8217;pro &#8220;T\u00eate \u00e0 t\u00eate&#8221; 2 pans 10 cm + recipe book"},"content":{"rendered":"<p>Gift set Cristel Castel&#8217;pro &#8220;T\u00eate \u00e0 t\u00eate&#8221; 2 pans 10 cm + recipe book<\/p>\n<p>DESCRIPTION<br \/>\n\u201cT\u00eate \u00e0 t\u00eate\u201d gift set, containing two mini stainless steel stock pots with \u00f810 cm lids from the Castel\u2019Pro collection.<\/p>\n<p>With a stainless steel\/aluminium\/stainless steel triple layer, these stock pots are induction-friendly and ovensafe.<\/p>\n<p>Ideal for dinners for two, this gift set is supplied with an original recipe book, developed by CRISTEL specifically for this product. The ideal gift for any occasion.<\/p>\n<p>Lifetime warranty against all manufacturing defects.<\/p>\n<p>Product not made in France.<\/p>\n<p>COMPATIBILITY<br \/>\nInduction<br \/>\nHalogen<br \/>\nGas<br \/>\nCeramic<br \/>\nElectric<br \/>\nCompatible with oven, grill and dishwasher use<br \/>\nCompatible with oven, grill and dishwasher use<\/p>\n<p>CHARACTERISTICS<br \/>\nFixed handle<br \/>\n18\/10 stainless interior<br \/>\n18\/10 stainless &#8211; polished finish<br \/>\nSolid stainless steel grips, riveted<br \/>\n3-ply &#8211; stainless steel \/ aluminium \/ stainless steel<br \/>\n3-ply &#8211; stainless steel \/ aluminium \/ stainless steel<\/p>\n","protected":false},"excerpt":{"rendered":"<p>Gift set Cristel Castel&#8217;pro &#8220;T\u00eate \u00e0 t\u00eate&#8221; 2 pans 10 cm + recipe book DESCRIPTION \u201cT\u00eate \u00e0 t\u00eate\u201d gift set, containing two mini stainless steel stock pots with \u00f810 cm lids from the Castel\u2019Pro collection. With a stainless steel\/aluminium\/stainless steel triple layer, these stock pots are induction-friendly and ovensafe. Ideal for dinners for two, this<\/p>\n","protected":false},"featured_media":102452,"comment_status":"closed","ping_status":"closed","template":"","meta":[],"brand":[27977],"painter":[],"genre":[],"acf":[],"_links":{"self":[{"href":"https:\/\/mandarin.digiants.agency\/en\/wp-json\/wp\/v2\/product\/102451"}],"collection":[{"href":"https:\/\/mandarin.digiants.agency\/en\/wp-json\/wp\/v2\/product"}],"about":[{"href":"https:\/\/mandarin.digiants.agency\/en\/wp-json\/wp\/v2\/types\/product"}],"replies":[{"embeddable":true,"href":"https:\/\/mandarin.digiants.agency\/en\/wp-json\/wp\/v2\/comments?post=102451"}],"wp:featuredmedia":[{"embeddable":true,"href":"https:\/\/mandarin.digiants.agency\/en\/wp-json\/wp\/v2\/media\/102452"}],"wp:attachment":[{"href":"https:\/\/mandarin.digiants.agency\/en\/wp-json\/wp\/v2\/media?parent=102451"}],"wp:term":[{"taxonomy":"brand","embeddable":true,"href":"https:\/\/mandarin.digiants.agency\/en\/wp-json\/wp\/v2\/brand?post=102451"},{"taxonomy":"painter","embeddable":true,"href":"https:\/\/mandarin.digiants.agency\/en\/wp-json\/wp\/v2\/painter?post=102451"},{"taxonomy":"genre","embeddable":true,"href":"https:\/\/mandarin.digiants.agency\/en\/wp-json\/wp\/v2\/genre?post=102451"}],"curies":[{"name":"wp","href":"https:\/\/api.w.org\/{rel}","templated":true}]}}