{"id":102536,"date":"2023-08-29T22:18:08","date_gmt":"2023-08-29T22:18:08","guid":{"rendered":"https:\/\/mandarin.digiants.agency\/product\/zapalnychka-s-t-dupont-maxijet-matovo-chornogo-ta-buzkovogo-koloru\/"},"modified":"2026-01-06T17:27:24","modified_gmt":"2026-01-06T17:27:24","slug":"zapalnychka-s-t-dupont-maxijet-matovo-chornogo-ta-buzkovogo-koloru","status":"publish","type":"product","link":"https:\/\/mandarin.digiants.agency\/en\/product\/zapalnychka-s-t-dupont-maxijet-matovo-chornogo-ta-buzkovogo-koloru\/","title":{"rendered":"Lighter S.T. Dupont Maxijet matte black and lilac"},"content":{"rendered":"<p>Lighter S.T. Dupont Maxijet matte black and lilac<\/p>\n<p>Inspir\u00e9e par les couleurs les plus tendances de la saison, l&#8217;animation Velvet pare les produits iconiques de S.T. Dupont de nouvelles teintes dynamiques et contemporaines : Lilas, Bleu Oc\u00e9an et Graphite. Velvet, une collection \u00e0 la fois urbaine et sophistiqu\u00e9e, m\u00eale le savoir-faire iconique de la Maison, pour cr\u00e9er une animation digne des codes de la Haute Couture et de l&#8217;univers automobile. Contemporaine et \u00e9pur\u00e9e, cette animation saura s\u00e9duire par ses finitions mattes et ses coloris poudr\u00e9s.<\/p>\n<p>Un design ergonomique et des courbes \u00e9lanc\u00e9es caract\u00e9risent cette ligne contemporaine. Le Maxijet avec sa flamme torche puissante, devient le compagnon id\u00e9al des fumeurs de cigares.<\/p>\n<p>Recharge de gaz associ\u00e9e : noire (REF 000430)<br \/>\nDIMENSIONS 73x40x16mm<br \/>\nMATIERES M\u00e9tal<br \/>\nPOIDS 93g<\/p>\n","protected":false},"excerpt":{"rendered":"<p>Lighter S.T. Dupont Maxijet matte black and lilac Inspir\u00e9e par les couleurs les plus tendances de la saison, l&#8217;animation Velvet pare les produits iconiques de S.T. Dupont de nouvelles teintes dynamiques et contemporaines : Lilas, Bleu Oc\u00e9an et Graphite. Velvet, une collection \u00e0 la fois urbaine et sophistiqu\u00e9e, m\u00eale le savoir-faire iconique de la Maison,<\/p>\n","protected":false},"featured_media":102600,"comment_status":"closed","ping_status":"closed","template":"","meta":[],"brand":[3045],"painter":[],"genre":[],"acf":[],"_links":{"self":[{"href":"https:\/\/mandarin.digiants.agency\/en\/wp-json\/wp\/v2\/product\/102536"}],"collection":[{"href":"https:\/\/mandarin.digiants.agency\/en\/wp-json\/wp\/v2\/product"}],"about":[{"href":"https:\/\/mandarin.digiants.agency\/en\/wp-json\/wp\/v2\/types\/product"}],"replies":[{"embeddable":true,"href":"https:\/\/mandarin.digiants.agency\/en\/wp-json\/wp\/v2\/comments?post=102536"}],"wp:featuredmedia":[{"embeddable":true,"href":"https:\/\/mandarin.digiants.agency\/en\/wp-json\/wp\/v2\/media\/102600"}],"wp:attachment":[{"href":"https:\/\/mandarin.digiants.agency\/en\/wp-json\/wp\/v2\/media?parent=102536"}],"wp:term":[{"taxonomy":"brand","embeddable":true,"href":"https:\/\/mandarin.digiants.agency\/en\/wp-json\/wp\/v2\/brand?post=102536"},{"taxonomy":"painter","embeddable":true,"href":"https:\/\/mandarin.digiants.agency\/en\/wp-json\/wp\/v2\/painter?post=102536"},{"taxonomy":"genre","embeddable":true,"href":"https:\/\/mandarin.digiants.agency\/en\/wp-json\/wp\/v2\/genre?post=102536"}],"curies":[{"name":"wp","href":"https:\/\/api.w.org\/{rel}","templated":true}]}}