{"id":103160,"date":"2023-10-25T22:19:57","date_gmt":"2023-10-25T22:19:57","guid":{"rendered":"https:\/\/mandarin.digiants.agency\/product\/nabir-iz-4-h-chashok-dlya-kavy-z-blyudczem-bernardaud-braquenie-50-ml-limozka-porczelyana\/"},"modified":"2026-01-06T17:28:06","modified_gmt":"2026-01-06T17:28:06","slug":"nabir-iz-4-h-chashok-dlya-kavy-z-blyudczem-bernardaud-braquenie-50-ml-limozka-porczelyana","status":"publish","type":"product","link":"https:\/\/mandarin.digiants.agency\/en\/product\/nabir-iz-4-h-chashok-dlya-kavy-z-blyudczem-bernardaud-braquenie-50-ml-limozka-porczelyana\/","title":{"rendered":"Set of 4 coffee cups and saucers Bernardaud Braquenie 50 ml"},"content":{"rendered":"<p>Set of 4 coffee cups and saucers Bernardaud Braquenie 50 ml<\/p>\n<p>The Collection Braqueni\u00e9 is the result of a unique collaboration, the story of an encounter between textile and porcelain, between materials and colors, between two French Houses, Pierre Frey and Bernardaud. Our manufactory has adapted onto porcelain the prints of two emblematic fabrics still published today, Grand Corail and La M\u00e9nagerie, created in the 19th century by the furniture textile company Braqueni\u00e9, founded in 1823. Adorned with large flowers on tree-like stems and wild animals, the Collection Braqueni\u00e9 is distinguished by the richness of its decoration, the finesse of its motifs and its magnificent color palette. The ensemble evokes Indian palampores, richly decorated fabrics that were very popular in the 18th century.<\/p>\n","protected":false},"excerpt":{"rendered":"<p>Set of 4 coffee cups and saucers Bernardaud Braquenie 50 ml The Collection Braqueni\u00e9 is the result of a unique collaboration, the story of an encounter between textile and porcelain, between materials and colors, between two French Houses, Pierre Frey and Bernardaud. Our manufactory has adapted onto porcelain the prints of two emblematic fabrics still<\/p>\n","protected":false},"featured_media":103161,"comment_status":"closed","ping_status":"closed","template":"","meta":[],"brand":[29410],"painter":[],"genre":[],"acf":[],"_links":{"self":[{"href":"https:\/\/mandarin.digiants.agency\/en\/wp-json\/wp\/v2\/product\/103160"}],"collection":[{"href":"https:\/\/mandarin.digiants.agency\/en\/wp-json\/wp\/v2\/product"}],"about":[{"href":"https:\/\/mandarin.digiants.agency\/en\/wp-json\/wp\/v2\/types\/product"}],"replies":[{"embeddable":true,"href":"https:\/\/mandarin.digiants.agency\/en\/wp-json\/wp\/v2\/comments?post=103160"}],"wp:featuredmedia":[{"embeddable":true,"href":"https:\/\/mandarin.digiants.agency\/en\/wp-json\/wp\/v2\/media\/103161"}],"wp:attachment":[{"href":"https:\/\/mandarin.digiants.agency\/en\/wp-json\/wp\/v2\/media?parent=103160"}],"wp:term":[{"taxonomy":"brand","embeddable":true,"href":"https:\/\/mandarin.digiants.agency\/en\/wp-json\/wp\/v2\/brand?post=103160"},{"taxonomy":"painter","embeddable":true,"href":"https:\/\/mandarin.digiants.agency\/en\/wp-json\/wp\/v2\/painter?post=103160"},{"taxonomy":"genre","embeddable":true,"href":"https:\/\/mandarin.digiants.agency\/en\/wp-json\/wp\/v2\/genre?post=103160"}],"curies":[{"name":"wp","href":"https:\/\/api.w.org\/{rel}","templated":true}]}}