{"id":106187,"date":"2024-06-06T22:14:18","date_gmt":"2024-06-06T22:14:18","guid":{"rendered":"https:\/\/mandarin.digiants.agency\/product\/blyudo-kvadratnoe-%e2%84%96-5-hermes-mosaique-au-24\/"},"modified":"2026-01-06T17:26:56","modified_gmt":"2026-01-06T17:26:56","slug":"blyudo-kvadratnoe-%e2%84%96-5-hermes-mosaique-au-24","status":"publish","type":"product","link":"https:\/\/mandarin.digiants.agency\/en\/product\/blyudo-kvadratnoe-%e2%84%96-5-hermes-mosaique-au-24\/","title":{"rendered":"Mosa\u00efque au 24 Square plate \u2116 5"},"content":{"rendered":"<p>Square plate \u2116 5 from Mosa\u00efque au 24 collection. Tiny ochre and pale grey squares interspersed with gold tiles create geometrical patterns that blend the Art Deco and ancient Greek styles. In the center, a monogrammed H or Herm\u00e8s ex-libris complete the design inspired by the Parisian store at 24, rue du Faubourg Saint-Honor\u00e9. <\/p>\n<p>Herm\u00e8s brand is officially presented at the MANDARIN MAISON.<\/p>\n","protected":false},"excerpt":{"rendered":"<p>Square plate \u2116 5 from Mosa\u00efque au 24 collection. Tiny ochre and pale grey squares interspersed with gold tiles create geometrical patterns that blend the Art Deco and ancient Greek styles. In the center, a monogrammed H or Herm\u00e8s ex-libris complete the design inspired by the Parisian store at 24, rue du Faubourg Saint-Honor\u00e9. Herm\u00e8s<\/p>\n","protected":false},"featured_media":106192,"comment_status":"closed","ping_status":"closed","template":"","meta":[],"brand":[1869],"painter":[],"genre":[],"acf":[],"_links":{"self":[{"href":"https:\/\/mandarin.digiants.agency\/en\/wp-json\/wp\/v2\/product\/106187"}],"collection":[{"href":"https:\/\/mandarin.digiants.agency\/en\/wp-json\/wp\/v2\/product"}],"about":[{"href":"https:\/\/mandarin.digiants.agency\/en\/wp-json\/wp\/v2\/types\/product"}],"replies":[{"embeddable":true,"href":"https:\/\/mandarin.digiants.agency\/en\/wp-json\/wp\/v2\/comments?post=106187"}],"wp:featuredmedia":[{"embeddable":true,"href":"https:\/\/mandarin.digiants.agency\/en\/wp-json\/wp\/v2\/media\/106192"}],"wp:attachment":[{"href":"https:\/\/mandarin.digiants.agency\/en\/wp-json\/wp\/v2\/media?parent=106187"}],"wp:term":[{"taxonomy":"brand","embeddable":true,"href":"https:\/\/mandarin.digiants.agency\/en\/wp-json\/wp\/v2\/brand?post=106187"},{"taxonomy":"painter","embeddable":true,"href":"https:\/\/mandarin.digiants.agency\/en\/wp-json\/wp\/v2\/painter?post=106187"},{"taxonomy":"genre","embeddable":true,"href":"https:\/\/mandarin.digiants.agency\/en\/wp-json\/wp\/v2\/genre?post=106187"}],"curies":[{"name":"wp","href":"https:\/\/api.w.org\/{rel}","templated":true}]}}