{"id":111468,"date":"2025-04-08T22:16:20","date_gmt":"2025-04-08T22:16:20","guid":{"rendered":"https:\/\/mandarin.digiants.agency\/product\/kuhonnyj-kombajn-kitchenaid-31-l-chornyj-matovyj-5kfp1319ebm\/"},"modified":"2026-01-06T17:27:47","modified_gmt":"2026-01-06T17:27:47","slug":"kuhonnyj-kombajn-kitchenaid-31-l-chornyj-matovyj-5kfp1319ebm","status":"publish","type":"product","link":"https:\/\/mandarin.digiants.agency\/en\/product\/kuhonnyj-kombajn-kitchenaid-31-l-chornyj-matovyj-5kfp1319ebm\/","title":{"rendered":"KitchenAid food processor 3.1l black 5KFP1319EBM"},"content":{"rendered":"<div>\n<p><strong>3.1 L large capacity Food Processor:<\/strong> To prepare any size meal. Simplify large batch meal making.<\/p>\n<p><strong>Powerful motor and durable blades:<\/strong> To easily tackle tough chopping, shredding and kneading tasks.<\/p>\n<p><strong>Illuminated LED-controls with 3 easy-press speed paddles options (high, low and pulse):<\/strong> To handle a variety of ingredients with precision. For simple operations. Pulse function allows to control the results and to chop food to the desired texture.<\/p>\n<p><strong>All-in-one storage caddy:<\/strong> Stores blades and discs right in the work bowl. Saves space.<\/p>\n<p><strong>Adjustable ExactSlice slicing disc:<\/strong> To easily adjust the slicing thickness.<\/p>\n<p><strong>Dicing kit:<\/strong> To quickly create consistent, uniform cubes every time.<\/p>\n<p><strong>Storage\/refrigerator lid that fits right on the work bowl:<\/strong> To keep extra ingredients fresh.<\/p>\n<p><strong>Stainless steel multipurpose blade, and dough blade:<\/strong> To chop, mix and pur\u00e9e. To quickly knead dough.<\/p>\n<p><strong>Reversible fine and medium shredding disc:<\/strong> To shred cheese, vegetables and more.<\/p>\n<p><strong>Leak-resistant, snap and go work bowl with latched lid and 3-in-1 wide mouth feed tube:<\/strong> Simple setup and easy to use. Quick and easy cleaning. To process a variety of ingredient shapes and sizes including large items.<\/p>\n<h3>TECHNICAL DATA<\/h3>\n<p>Wattage: 400 W<\/p>\n<p>Voltage: 220 &#8211; 240 V<\/p>\n<p>Frequency: 50\/60 Hz<\/p>\n<p>RPM:<\/p>\n<p>Low (1): 750<\/p>\n<p>Medium (2): 1600<\/p>\n<p>Pulse: 2000<\/p>\n<p>Material base\/housing: Textured\/polished<\/p>\n<p>Material bowl: Plastic BPA-free (Tritan)<\/p>\n<p>Material multipurpose blade: Stainless steel<\/p>\n<p>Material disc: Stainless steel<\/p>\n<p>Material paddles and knob: Plastic &#8211; satin chrome<\/p>\n<p>Product dimensions (with storage lid) H \u00d7 W \u00d7 D: 46.4 \u00d7 22.2 \u00d7 22.2 cm<\/p>\n<p>Packaging dimensions H \u00d7 W \u00d7 D: 27.3 \u00d7 48.6 \u00d7 27 cm<\/p>\n<p>Master pack dimensions H \u00d7 W \u00d7 D: 28.5 \u00d7 49.6 \u00d7 28.1 cm<\/p>\n<p>Net weight: 4.54 kg<\/p>\n<p>Gross weight: 5.66 kg<\/p>\n<p>Master pack gross weight: 6.03 kg<\/p>\n<p>Master pack: 1 unit<\/p>\n<p>Cord length (colour): 91.44 cm (black)<\/p>\n<p>Integrated cord wrap (under base): Yes<\/p>\n<p>Country of origin: China<\/p>\n<h3>STANDARD ACCESSORIES<\/h3>\n<p><strong>Multi-purpose blade:<\/strong> To chop, mince or pur\u00e9e cheese, chocolate, fruits, fresh herbs, nuts, tofu and vegetables. To mix pasta sauce, pesto, salsa, sauces, batters and doughs. Made out of stainless steel, dishwasher-safe (top rack only).<\/p>\n<p><strong>Dough blade:<\/strong> To knead yeast doughs quickly and thoroughly. Dishwasher-safe (top rack only).<\/p>\n<p><strong>Reversible fine and medium shredding disc:<\/strong> To shred potatoes, soft vegetables, cabbage, cheese, chocolate, hard fruits and hard vegetables. Dishwasher-safe (top rack only).<\/p>\n<p><strong>External adjustable slicing knob and slicing disc:<\/strong> To easily adjust the slicing thickness, from thin to thick, from the outside, of soft fruits, potatoes, tomatoes, soft vegetables, cheese, chocolate, hard fruits and hard vegetables. Dishwasher-safe (top rack only).<\/p>\n<p><strong>Dicing kit and dicing kit clean out tool:<\/strong> Transform all potatoes, fruits, vegetables and cheese into perfect dices. The dicing clean out tool will help push any extra food through the grid. Dishwasher-safe (top rack only).<\/p>\n<p><strong>Storage\/refrigerator lid:<\/strong> Dishwasher-safe (top rack only).<\/p>\n<p><strong>3.1 L BPA-free work bowl with drive pin:<\/strong> Dishwasher-safe (top rack only).<\/p>\n<p><strong>Hinged lid with 3-in-1 wide mouth feed tube and 3-in-1 food pusher:<\/strong> The hinged lid is locked by means of a latch. Sealed lid, leak-resistant work bowl with sealed handle and interlock, rounded edges a<\/p>\n","protected":false},"excerpt":{"rendered":"<p>3.1 L large capacity Food Processor: To prepare any size meal. Simplify large batch meal making. Powerful motor and durable blades: To easily tackle tough chopping, shredding and kneading tasks. Illuminated LED-controls with 3 easy-press speed paddles options (high, low and pulse): To handle a variety of ingredients with precision. For simple operations. Pulse function<\/p>\n","protected":false},"featured_media":111469,"comment_status":"closed","ping_status":"closed","template":"","meta":[],"brand":[29536],"painter":[],"genre":[],"acf":[],"_links":{"self":[{"href":"https:\/\/mandarin.digiants.agency\/en\/wp-json\/wp\/v2\/product\/111468"}],"collection":[{"href":"https:\/\/mandarin.digiants.agency\/en\/wp-json\/wp\/v2\/product"}],"about":[{"href":"https:\/\/mandarin.digiants.agency\/en\/wp-json\/wp\/v2\/types\/product"}],"replies":[{"embeddable":true,"href":"https:\/\/mandarin.digiants.agency\/en\/wp-json\/wp\/v2\/comments?post=111468"}],"wp:featuredmedia":[{"embeddable":true,"href":"https:\/\/mandarin.digiants.agency\/en\/wp-json\/wp\/v2\/media\/111469"}],"wp:attachment":[{"href":"https:\/\/mandarin.digiants.agency\/en\/wp-json\/wp\/v2\/media?parent=111468"}],"wp:term":[{"taxonomy":"brand","embeddable":true,"href":"https:\/\/mandarin.digiants.agency\/en\/wp-json\/wp\/v2\/brand?post=111468"},{"taxonomy":"painter","embeddable":true,"href":"https:\/\/mandarin.digiants.agency\/en\/wp-json\/wp\/v2\/painter?post=111468"},{"taxonomy":"genre","embeddable":true,"href":"https:\/\/mandarin.digiants.agency\/en\/wp-json\/wp\/v2\/genre?post=111468"}],"curies":[{"name":"wp","href":"https:\/\/api.w.org\/{rel}","templated":true}]}}