{"id":111498,"date":"2025-04-08T22:17:49","date_gmt":"2025-04-08T22:17:49","guid":{"rendered":"https:\/\/mandarin.digiants.agency\/product\/kuhonnyj-minikombajn-kitchenaid-13-l-bezdrotovyj-sire-vugillya-5kfcb519edg\/"},"modified":"2026-01-06T17:27:47","modified_gmt":"2026-01-06T17:27:47","slug":"kuhonnyj-minikombajn-kitchenaid-13-l-bezdrotovyj-sire-vugillya-5kfcb519edg","status":"publish","type":"product","link":"https:\/\/mandarin.digiants.agency\/en\/product\/kuhonnyj-minikombajn-kitchenaid-13-l-bezdrotovyj-sire-vugillya-5kfcb519edg\/","title":{"rendered":"KitchenAid 1.3L Cordless Mini Food Processor Charcoal 5KFCB519EDG"},"content":{"rendered":"<div>\n<p><strong>Compact cordless food chopper<\/strong> with lightweight design, simple in-bowl accessory storage: Compact and easy storage.<\/p>\n<p><strong>Rechargeable 12V Lithium Ion battery:<\/strong> Delivers optimal runtime and performance. Eliminates the constraints of a cord.<\/p>\n<p><strong>1.18 L capacity BPA-free work bowl<\/strong> with pour spout and handle: To chop, mix and pur\u00e9e to perfection. Make pouring your dressing or sauce easy.<\/p>\n<p><strong>Two speeds and Pulse in-lid operations for precise control:<\/strong> To control the speed of chopping, and to easily get the expected results. Versatile.<\/p>\n<p><strong>Multipurpose stainless steel blade:<\/strong> To chop raw fruits, vegetables or nuts and to mince parsley, chives or garlic for easy preparations. Mix and pur\u00e9e cooked fruit or vegetables with ease. To make bread crumbs or grind raw meat.<\/p>\n<p><strong>Whisk accessory:<\/strong> Ability to do more: to whisk, whip, stir and even make whipped cream. To incorporate air into foods.<\/p>\n<p><strong>Drizzle basin:<\/strong> Trickle in the right amount of oil or other liquids whilst in use. To create tasty dressings and sauces.<\/p>\n<p><strong>Complete the KitchenAid cordless collection**:<\/strong> including Hand Blender, Hand Mixer and Food Chopper: Delivers optimal runtime and performance to cook wherever***, whatever, and however.<\/p>\n<h3>TECHNICAL DATA<\/h3>\n<p>Motor: DC (Direct current)<\/p>\n<p>Voltage: 12 V<\/p>\n<p>Number of speeds: 2<\/p>\n<p>Maximum no-load motor speed (Speed 1 to 2): 2600 to 3500 RPM*<\/p>\n<p>Material of motor body: Plastic<\/p>\n<p>Product dimensions H \u00d7 W \u00d7 D: 26.4 \u00d7 14 \u00d7 16.8 cm<\/p>\n<p>Packaging dimensions H \u00d7 W \u00d7 D: 34.6 \u00d7 20.2 \u00d7 18 cm<\/p>\n<p>Master pack dimensions H \u00d7 W \u00d7 D: 35.6 \u00d7 21.1 \u00d7 37.3 cm<\/p>\n<p>Net weight: 1.27 kg<\/p>\n<p>Gross weight: 2.07 kg<\/p>\n<p>Master pack gross weight: 4.41 kg<\/p>\n<p>Master pack: 2 units<\/p>\n<p>Country of origin: China (Designed in the USA)<\/p>\n<p>Rechargeable Lithium Ion battery: Yes<\/p>\n<p>Full charge time battery: 2 hours = To chop approximately 40 onions (weighing around 90 &#8211; 110 g each)<\/p>\n<p>Quick charge time battery: 10 min = To chop approximately 11 onions (weighing around 90 to 110 g each)<\/p>\n<p>Battery indicator light: Yes<\/p>\n<p>Charging cord (black) length: 152.4 cm<\/p>\n<h3>STANDARD ACCESSORIES<\/h3>\n<p><strong>1.18 L BPA-free work bowl:<\/strong> Features a locking blade, handle and pour spout for easy serving. Dishwasher-safe (Top rack).<\/p>\n<p><strong>Lid with liquid drizzle basin and Pulse\/On button:<\/strong> To add liquid ingredients such as oil during processing. Master tasty dressings and sauces such as mayonnaise. Dishwasher-safe (top rack).<\/p>\n<p><strong>Charger included:<\/strong> Easy to charge. Works on all products across the collection. The battery should be charged until the battery status indicator turns solid green.<\/p>\n<p><strong>Stainless steel multipurpose blade**:<\/strong> To chop raw fruits and vegetables or nuts, and mince parsley, chives, or garlic for easy preparation in your favourite recipes. Pur\u00e9e cooked fruit or vegetables to make baby food, or to use as bases for soups or sauces. You can also make bread crumbs, or grind raw meat. Dishwasher-safe (top rack).<\/p>\n<p><strong>Battery status indicator \u2013 charging port \u2013 speed controller (2 speeds):<\/strong> Quickly chop, mix and pur\u00e9e with precision, every day. Ideal for anything from creating a chunky pico de gallo, a creamy hummus or a smooth sauce.<\/p>\n<p><strong>Whisk accessory:<\/strong> Can be used to incorporate air into foods such as eggs, egg whites, heavy cream, mayonnaise, etc. Dishwasher-safe (top rack).<\/p>\n<\/div>\n","protected":false},"excerpt":{"rendered":"<p>Compact cordless food chopper with lightweight design, simple in-bowl accessory storage: Compact and easy storage. Rechargeable 12V Lithium Ion battery: Delivers optimal runtime and performance. Eliminates the constraints of a cord. 1.18 L capacity BPA-free work bowl with pour spout and handle: To chop, mix and pur\u00e9e to perfection. Make pouring your dressing or sauce<\/p>\n","protected":false},"featured_media":111499,"comment_status":"closed","ping_status":"closed","template":"","meta":[],"brand":[29536],"painter":[],"genre":[],"acf":[],"_links":{"self":[{"href":"https:\/\/mandarin.digiants.agency\/en\/wp-json\/wp\/v2\/product\/111498"}],"collection":[{"href":"https:\/\/mandarin.digiants.agency\/en\/wp-json\/wp\/v2\/product"}],"about":[{"href":"https:\/\/mandarin.digiants.agency\/en\/wp-json\/wp\/v2\/types\/product"}],"replies":[{"embeddable":true,"href":"https:\/\/mandarin.digiants.agency\/en\/wp-json\/wp\/v2\/comments?post=111498"}],"wp:featuredmedia":[{"embeddable":true,"href":"https:\/\/mandarin.digiants.agency\/en\/wp-json\/wp\/v2\/media\/111499"}],"wp:attachment":[{"href":"https:\/\/mandarin.digiants.agency\/en\/wp-json\/wp\/v2\/media?parent=111498"}],"wp:term":[{"taxonomy":"brand","embeddable":true,"href":"https:\/\/mandarin.digiants.agency\/en\/wp-json\/wp\/v2\/brand?post=111498"},{"taxonomy":"painter","embeddable":true,"href":"https:\/\/mandarin.digiants.agency\/en\/wp-json\/wp\/v2\/painter?post=111498"},{"taxonomy":"genre","embeddable":true,"href":"https:\/\/mandarin.digiants.agency\/en\/wp-json\/wp\/v2\/genre?post=111498"}],"curies":[{"name":"wp","href":"https:\/\/api.w.org\/{rel}","templated":true}]}}