{"id":111816,"date":"2025-04-23T22:19:40","date_gmt":"2025-04-23T22:19:40","guid":{"rendered":"https:\/\/mandarin.digiants.agency\/product\/aromasvichka-baccarat-4-elements-feu-createur-chervona\/"},"modified":"2026-01-06T17:28:36","modified_gmt":"2026-01-06T17:28:36","slug":"aromasvichka-baccarat-4-elements-feu-createur-chervona","status":"publish","type":"product","link":"https:\/\/mandarin.digiants.agency\/en\/product\/aromasvichka-baccarat-4-elements-feu-createur-chervona\/","title":{"rendered":"Baccarat 4 Elements Feu Cr\u00e9ateur scented candle red"},"content":{"rendered":"<div>\n<h2>Baccarat Feu Cr\u00e9ateur Scented Candle (Four Elements Collection)<\/h2>\n<p>Feu Cr\u00e9ateur (Creative Fire) belongs to the Baccarat Four Elements scented candles collection. This collection features four signature fragrances, each capturing the unique essence of earth, water, air, and fire. The Feu Cr\u00e9ateur candle, in a red crystal piece, evokes the enchanting warmth of flames and creates a captivating atmosphere with its woody notes of vetiver, cedar, and birch. Each candle is crafted with French wax of vegetable and mineral origin.<\/p>\n<p>The Baccarat Four Elements collection of scented candles draws inspiration from the alchemy of the four essential elements of life that are at the heart of all Baccarat creations. Presented in a beautiful Baccarat crystal container, each candle diffuses a distinctive olfactory atmosphere, providing pleasure and joy throughout its burn time.<\/p>\n<h3>Specifications<\/h3>\n<p><strong>Height:<\/strong> 10.50 cm<\/p>\n<p><strong>Weight:<\/strong> 0.70 Kg<\/p>\n<p><strong>Diameter:<\/strong> 8.20 cm<\/p>\n<p><strong>Material:<\/strong> Crystal<\/p>\n<p><strong>Material Details:<\/strong> Wax and crystal<\/p>\n<p><strong>Color:<\/strong> Red<\/p>\n<p><strong>Item Ingredients:<\/strong> 1-(1,2,3,4,5,6,7,8-OCTAHYDRO &#8211; 2,3,8,8 &#8211; T\u00c9 &#8211; TRAM\u00c9THYL &#8211; 2-NAPHTYL)\u00c9THAN-1-ONE, CEDRYL M\u00c9THYL \u00c9THER, EUGENOL, ISOEUGENOL<\/p>\n<p><strong>Fragrance notes:<\/strong> Accord of Metal, Vetiver, Cedar, Birch<\/p>\n<p><strong>Candle burn time:<\/strong> 55 hour(s)<\/p>\n<p><strong>Made In:<\/strong> France<\/p>\n<p><strong>Year of Creation:<\/strong> 2024<\/p>\n<\/div>\n","protected":false},"excerpt":{"rendered":"<p>Baccarat Feu Cr\u00e9ateur Scented Candle (Four Elements Collection) Feu Cr\u00e9ateur (Creative Fire) belongs to the Baccarat Four Elements scented candles collection. This collection features four signature fragrances, each capturing the unique essence of earth, water, air, and fire. The Feu Cr\u00e9ateur candle, in a red crystal piece, evokes the enchanting warmth of flames and creates<\/p>\n","protected":false},"featured_media":111817,"comment_status":"closed","ping_status":"closed","template":"","meta":[],"brand":[29884],"painter":[],"genre":[],"acf":[],"_links":{"self":[{"href":"https:\/\/mandarin.digiants.agency\/en\/wp-json\/wp\/v2\/product\/111816"}],"collection":[{"href":"https:\/\/mandarin.digiants.agency\/en\/wp-json\/wp\/v2\/product"}],"about":[{"href":"https:\/\/mandarin.digiants.agency\/en\/wp-json\/wp\/v2\/types\/product"}],"replies":[{"embeddable":true,"href":"https:\/\/mandarin.digiants.agency\/en\/wp-json\/wp\/v2\/comments?post=111816"}],"wp:featuredmedia":[{"embeddable":true,"href":"https:\/\/mandarin.digiants.agency\/en\/wp-json\/wp\/v2\/media\/111817"}],"wp:attachment":[{"href":"https:\/\/mandarin.digiants.agency\/en\/wp-json\/wp\/v2\/media?parent=111816"}],"wp:term":[{"taxonomy":"brand","embeddable":true,"href":"https:\/\/mandarin.digiants.agency\/en\/wp-json\/wp\/v2\/brand?post=111816"},{"taxonomy":"painter","embeddable":true,"href":"https:\/\/mandarin.digiants.agency\/en\/wp-json\/wp\/v2\/painter?post=111816"},{"taxonomy":"genre","embeddable":true,"href":"https:\/\/mandarin.digiants.agency\/en\/wp-json\/wp\/v2\/genre?post=111816"}],"curies":[{"name":"wp","href":"https:\/\/api.w.org\/{rel}","templated":true}]}}