{"id":112348,"date":"2025-06-25T22:15:09","date_gmt":"2025-06-25T22:15:09","guid":{"rendered":"https:\/\/mandarin.digiants.agency\/product\/glechyk-dlya-vody-christofle-affinites-30-5-sm\/"},"modified":"2026-01-06T17:27:44","modified_gmt":"2026-01-06T17:27:44","slug":"glechyk-dlya-vody-christofle-affinites-30-5-sm","status":"publish","type":"product","link":"https:\/\/mandarin.digiants.agency\/en\/product\/glechyk-dlya-vody-christofle-affinites-30-5-sm\/","title":{"rendered":"Christofle Affinit\u00e9s water jug \u200b\u200b30.5 cm"},"content":{"rendered":"<div>\n<h2>Christofle &#8220;Affinit\u00e9s&#8221; Water Pitcher<\/h2>\n<p>In the tradition of these great designers (Luc Lanel, Gio Ponti, Lino Sabbatini, Tapio Wirkkala, Andr\u00e9e Putman, and Martin Szekely) who imagined the future of tableware for the Christofle maison over the decades, Studio Christofle created a new piece for its exhibition at the Mus\u00e9e des Arts D\u00e9coratifs: the &#8220;Affinit\u00e9s&#8221; water pitcher.<\/p>\n<p>Combining steel and silver, this object therefore plays freely, in an uninhibited way, on unexpected alliances: duality. It combines in a unique way two materials with different tones which have always been present in the Christofle catalog.<\/p>\n<p>This water pitcher has a double function. It can be used as a vase if you want.<\/p>\n<h3>Features<\/h3>\n<p><strong>SKU:<\/strong> B04235020<\/p>\n<p><strong>Family:<\/strong> Water carafes<\/p>\n<p><strong>Main material:<\/strong> Silver Plated Steel<\/p>\n<p><strong>Collection:<\/strong> Affinit\u00e9s<\/p>\n<p><strong>Width:<\/strong> 15.24 cm<\/p>\n<p><strong>Height:<\/strong> 30.48 cm<\/p>\n<\/div>\n","protected":false},"excerpt":{"rendered":"<p>Christofle &#8220;Affinit\u00e9s&#8221; Water Pitcher In the tradition of these great designers (Luc Lanel, Gio Ponti, Lino Sabbatini, Tapio Wirkkala, Andr\u00e9e Putman, and Martin Szekely) who imagined the future of tableware for the Christofle maison over the decades, Studio Christofle created a new piece for its exhibition at the Mus\u00e9e des Arts D\u00e9coratifs: the &#8220;Affinit\u00e9s&#8221; water<\/p>\n","protected":false},"featured_media":112349,"comment_status":"closed","ping_status":"closed","template":"","meta":[],"brand":[29942],"painter":[],"genre":[],"acf":[],"_links":{"self":[{"href":"https:\/\/mandarin.digiants.agency\/en\/wp-json\/wp\/v2\/product\/112348"}],"collection":[{"href":"https:\/\/mandarin.digiants.agency\/en\/wp-json\/wp\/v2\/product"}],"about":[{"href":"https:\/\/mandarin.digiants.agency\/en\/wp-json\/wp\/v2\/types\/product"}],"replies":[{"embeddable":true,"href":"https:\/\/mandarin.digiants.agency\/en\/wp-json\/wp\/v2\/comments?post=112348"}],"wp:featuredmedia":[{"embeddable":true,"href":"https:\/\/mandarin.digiants.agency\/en\/wp-json\/wp\/v2\/media\/112349"}],"wp:attachment":[{"href":"https:\/\/mandarin.digiants.agency\/en\/wp-json\/wp\/v2\/media?parent=112348"}],"wp:term":[{"taxonomy":"brand","embeddable":true,"href":"https:\/\/mandarin.digiants.agency\/en\/wp-json\/wp\/v2\/brand?post=112348"},{"taxonomy":"painter","embeddable":true,"href":"https:\/\/mandarin.digiants.agency\/en\/wp-json\/wp\/v2\/painter?post=112348"},{"taxonomy":"genre","embeddable":true,"href":"https:\/\/mandarin.digiants.agency\/en\/wp-json\/wp\/v2\/genre?post=112348"}],"curies":[{"name":"wp","href":"https:\/\/api.w.org\/{rel}","templated":true}]}}