{"id":113867,"date":"2025-11-27T23:13:42","date_gmt":"2025-11-27T23:13:42","guid":{"rendered":"https:\/\/mandarin.digiants.agency\/product\/vaza-lalique-champs-elysees-rozheva-25-sm\/"},"modified":"2026-01-06T17:26:54","modified_gmt":"2026-01-06T17:26:54","slug":"vaza-lalique-champs-elysees-rozheva-25-sm","status":"publish","type":"product","link":"https:\/\/mandarin.digiants.agency\/en\/product\/vaza-lalique-champs-elysees-rozheva-25-sm\/","title":{"rendered":"Lalique Champs-\u00c9lys\u00e9es pink vase 25 cm"},"content":{"rendered":"<h3>Lalique &#8220;Champs-\u00c9lys\u00e9es Centerpiece&#8221; Crystal Centerpiece (Pink Luster)<\/h3>\n<p>Sculpted in satin-finished crystal, the <strong>Champs-\u00c9lys\u00e9es Centerpiece<\/strong> by Lalique features finely engraved leaves that echo the plane trees of Paris\u2019s iconic avenue. Its <strong>Pink Luster finish<\/strong> bathes the curves in a soft, radiant glow, creating depth and movement. With a rounded, sculptural silhouette, it serves as both an elegant decorative centerpiece and a refined vessel for flowers.<\/p>\n<h4>Specifications:<\/h4>\n<p><strong>Material:<\/strong> Crystal<br \/>\n   <strong>Color\/Finish:<\/strong> Pink Luster<br \/>\n   <strong>Style:<\/strong> Satin-finished crystal with engraved leaves<br \/>\n   <strong>Inspiration:<\/strong> Plane trees of the Champs-\u00c9lys\u00e9es in Paris<br \/>\n   <strong>Usage:<\/strong> Decorative centerpiece or refined flower vessel<\/p>\n<h4>Dimensions:<\/h4>\n<p><strong>Height:<\/strong> 11 cm<br \/>\n   <strong>Length:<\/strong> 25 cm<br \/>\n   <strong>Width:<\/strong> 14 cm<\/p>\n","protected":false},"excerpt":{"rendered":"<p>Lalique &#8220;Champs-\u00c9lys\u00e9es Centerpiece&#8221; Crystal Centerpiece (Pink Luster) Sculpted in satin-finished crystal, the Champs-\u00c9lys\u00e9es Centerpiece by Lalique features finely engraved leaves that echo the plane trees of Paris\u2019s iconic avenue. Its Pink Luster finish bathes the curves in a soft, radiant glow, creating depth and movement. With a rounded, sculptural silhouette, it serves as both an<\/p>\n","protected":false},"featured_media":113868,"comment_status":"closed","ping_status":"closed","template":"","meta":[],"brand":[28653],"painter":[],"genre":[],"acf":[],"_links":{"self":[{"href":"https:\/\/mandarin.digiants.agency\/en\/wp-json\/wp\/v2\/product\/113867"}],"collection":[{"href":"https:\/\/mandarin.digiants.agency\/en\/wp-json\/wp\/v2\/product"}],"about":[{"href":"https:\/\/mandarin.digiants.agency\/en\/wp-json\/wp\/v2\/types\/product"}],"replies":[{"embeddable":true,"href":"https:\/\/mandarin.digiants.agency\/en\/wp-json\/wp\/v2\/comments?post=113867"}],"wp:featuredmedia":[{"embeddable":true,"href":"https:\/\/mandarin.digiants.agency\/en\/wp-json\/wp\/v2\/media\/113868"}],"wp:attachment":[{"href":"https:\/\/mandarin.digiants.agency\/en\/wp-json\/wp\/v2\/media?parent=113867"}],"wp:term":[{"taxonomy":"brand","embeddable":true,"href":"https:\/\/mandarin.digiants.agency\/en\/wp-json\/wp\/v2\/brand?post=113867"},{"taxonomy":"painter","embeddable":true,"href":"https:\/\/mandarin.digiants.agency\/en\/wp-json\/wp\/v2\/painter?post=113867"},{"taxonomy":"genre","embeddable":true,"href":"https:\/\/mandarin.digiants.agency\/en\/wp-json\/wp\/v2\/genre?post=113867"}],"curies":[{"name":"wp","href":"https:\/\/api.w.org\/{rel}","templated":true}]}}