{"id":76294,"date":"2021-03-18T17:09:28","date_gmt":"2021-03-18T17:09:28","guid":{"rendered":"https:\/\/mandarin.digiants.agency\/product\/ukkelyh-vegarubokal-vegaenvega-glass-2\/"},"modified":"2026-01-06T17:27:00","modified_gmt":"2026-01-06T17:27:00","slug":"kelykh-dlia-chervonoho-vyna-baccarat-vega-320-ml-kryshtal","status":"publish","type":"product","link":"https:\/\/mandarin.digiants.agency\/en\/product\/kelykh-dlia-chervonoho-vyna-baccarat-vega-320-ml-kryshtal\/","title":{"rendered":"Baccarat V\u00e9ga red wine glass 320 ml"},"content":{"rendered":"<p>V\u00e9ga Glass 2. The V\u00e9ga collection from baccarat Crystal has a sleek and modern silhouette. The geometric stem is eye-catching: three stacked diamond-shaped silhouette resembles exquisite beads strung. Designed for Baccarat by Savinel &#038; Roze, the upper smoothness is juxtaposed with lower angularity: the curvature of the bowl contrasts sharply with the bevel-cut zigzag of the stem. The innovative form adds to the enjoyment of sipping a quality vintage. The collection of champagne flutes, martini glasses and stemware is complemented with a decanter as well. Hand made in France.<\/p>\n<p>You can buy Baccarat crystal vases, glasses and sculptures on MANDARIN MAISON website with delivery in Ukraine or pick up your order in our store: Mandarin Plaza Mall 5th floor, Kyiv.<\/p>\n","protected":false},"excerpt":{"rendered":"<p>V\u00e9ga Glass 2. The V\u00e9ga collection from baccarat Crystal has a sleek and modern silhouette. The geometric stem is eye-catching: three stacked diamond-shaped silhouette resembles exquisite beads strung. Designed for Baccarat by Savinel &#038; Roze, the upper smoothness is juxtaposed with lower angularity: the curvature of the bowl contrasts sharply with the bevel-cut zigzag of<\/p>\n","protected":false},"featured_media":79896,"comment_status":"closed","ping_status":"closed","template":"","meta":[],"brand":[28713],"painter":[],"genre":[],"acf":[],"_links":{"self":[{"href":"https:\/\/mandarin.digiants.agency\/en\/wp-json\/wp\/v2\/product\/76294"}],"collection":[{"href":"https:\/\/mandarin.digiants.agency\/en\/wp-json\/wp\/v2\/product"}],"about":[{"href":"https:\/\/mandarin.digiants.agency\/en\/wp-json\/wp\/v2\/types\/product"}],"replies":[{"embeddable":true,"href":"https:\/\/mandarin.digiants.agency\/en\/wp-json\/wp\/v2\/comments?post=76294"}],"wp:featuredmedia":[{"embeddable":true,"href":"https:\/\/mandarin.digiants.agency\/en\/wp-json\/wp\/v2\/media\/79896"}],"wp:attachment":[{"href":"https:\/\/mandarin.digiants.agency\/en\/wp-json\/wp\/v2\/media?parent=76294"}],"wp:term":[{"taxonomy":"brand","embeddable":true,"href":"https:\/\/mandarin.digiants.agency\/en\/wp-json\/wp\/v2\/brand?post=76294"},{"taxonomy":"painter","embeddable":true,"href":"https:\/\/mandarin.digiants.agency\/en\/wp-json\/wp\/v2\/painter?post=76294"},{"taxonomy":"genre","embeddable":true,"href":"https:\/\/mandarin.digiants.agency\/en\/wp-json\/wp\/v2\/genre?post=76294"}],"curies":[{"name":"wp","href":"https:\/\/api.w.org\/{rel}","templated":true}]}}