{"id":76372,"date":"2021-03-18T17:15:09","date_gmt":"2021-03-18T17:15:09","guid":{"rendered":"https:\/\/mandarin.digiants.agency\/product\/ukprezentaczijna-tarilka-h-deco-rougeruprezentaczyonnaya-tarelka-h-deco-rougeenh-deco-rouge-presentation-plate\/"},"modified":"2026-01-06T17:28:54","modified_gmt":"2026-01-06T17:28:54","slug":"prezentaczijna-tarilka-h-deco-rouge","status":"publish","type":"product","link":"https:\/\/mandarin.digiants.agency\/en\/product\/prezentaczijna-tarilka-h-deco-rouge\/","title":{"rendered":"H D\u00e9co Rouge presentation plate"},"content":{"rendered":"<p>Presentation plate from H D\u00e9co Rouge collection. In blocks of colour or fine lines, in positive or negative, H D\u00e9co Rouge monochrome patterns have forged their contours amongst the wrought ironwork of the Parisian stores.<br \/>\nThis version of H D\u00e9co Rouge plays the colour card with a deep, Bordeaux-hued red for new contrasts in red and white. <\/p>\n<p>Herm\u00e8s brand is officially presented at the MANDARIN MAISON.<\/p>\n","protected":false},"excerpt":{"rendered":"<p>Presentation plate from H D\u00e9co Rouge collection. In blocks of colour or fine lines, in positive or negative, H D\u00e9co Rouge monochrome patterns have forged their contours amongst the wrought ironwork of the Parisian stores. This version of H D\u00e9co Rouge plays the colour card with a deep, Bordeaux-hued red for new contrasts in red<\/p>\n","protected":false},"featured_media":81709,"comment_status":"closed","ping_status":"closed","template":"","meta":[],"brand":[1866],"painter":[],"genre":[],"acf":[],"_links":{"self":[{"href":"https:\/\/mandarin.digiants.agency\/en\/wp-json\/wp\/v2\/product\/76372"}],"collection":[{"href":"https:\/\/mandarin.digiants.agency\/en\/wp-json\/wp\/v2\/product"}],"about":[{"href":"https:\/\/mandarin.digiants.agency\/en\/wp-json\/wp\/v2\/types\/product"}],"replies":[{"embeddable":true,"href":"https:\/\/mandarin.digiants.agency\/en\/wp-json\/wp\/v2\/comments?post=76372"}],"wp:featuredmedia":[{"embeddable":true,"href":"https:\/\/mandarin.digiants.agency\/en\/wp-json\/wp\/v2\/media\/81709"}],"wp:attachment":[{"href":"https:\/\/mandarin.digiants.agency\/en\/wp-json\/wp\/v2\/media?parent=76372"}],"wp:term":[{"taxonomy":"brand","embeddable":true,"href":"https:\/\/mandarin.digiants.agency\/en\/wp-json\/wp\/v2\/brand?post=76372"},{"taxonomy":"painter","embeddable":true,"href":"https:\/\/mandarin.digiants.agency\/en\/wp-json\/wp\/v2\/painter?post=76372"},{"taxonomy":"genre","embeddable":true,"href":"https:\/\/mandarin.digiants.agency\/en\/wp-json\/wp\/v2\/genre?post=76372"}],"curies":[{"name":"wp","href":"https:\/\/api.w.org\/{rel}","templated":true}]}}