{"id":76613,"date":"2021-03-18T19:13:51","date_gmt":"2021-03-18T19:13:51","guid":{"rendered":"https:\/\/mandarin.digiants.agency\/product\/uktarilka-dlya-masla-ta-hliba-pyrizhkova%e2%84%961-h-decorutarelka-pyrozhkovaya-%e2%84%961-h-decoenh-deco-bread-and-butter-plate-%e2%84%961\/"},"modified":"2026-01-06T17:28:51","modified_gmt":"2026-01-06T17:28:51","slug":"uktarilka-dlya-masla-ta-hliba-pyrizhkova%e2%84%961-h-decorutarelka-pyrozhkovaya-%e2%84%961-h-decoenh-deco-bread-and-butter-plate-%e2%84%961","status":"publish","type":"product","link":"https:\/\/mandarin.digiants.agency\/en\/product\/uktarilka-dlya-masla-ta-hliba-pyrizhkova%e2%84%961-h-decorutarelka-pyrozhkovaya-%e2%84%961-h-decoenh-deco-bread-and-butter-plate-%e2%84%961\/","title":{"rendered":"H D\u00e9co bread and butter plate \u21161"},"content":{"rendered":"<p>Bread and butter plate \u21161 from H D\u00e9co collection. The Art Deco wrought-iron friezes,<br \/>\nwhich adorn the Herm\u00e8s 24 Faubourg<br \/>\nand rue de S\u00e8vres stores, inspired H D\u00e9co.<br \/>\nThis very Parisian tea service is stamped with the initials HH, around which<br \/>\nan intricate black and white decoration spirals. <\/p>\n<p>Herm\u00e8s brand is officially presented at the MANDARIN MAISON.<\/p>\n","protected":false},"excerpt":{"rendered":"<p>Bread and butter plate \u21161 from H D\u00e9co collection. The Art Deco wrought-iron friezes, which adorn the Herm\u00e8s 24 Faubourg and rue de S\u00e8vres stores, inspired H D\u00e9co. This very Parisian tea service is stamped with the initials HH, around which an intricate black and white decoration spirals. Herm\u00e8s brand is officially presented at the<\/p>\n","protected":false},"featured_media":81688,"comment_status":"closed","ping_status":"closed","template":"","meta":[],"brand":[1865],"painter":[],"genre":[],"acf":[],"_links":{"self":[{"href":"https:\/\/mandarin.digiants.agency\/en\/wp-json\/wp\/v2\/product\/76613"}],"collection":[{"href":"https:\/\/mandarin.digiants.agency\/en\/wp-json\/wp\/v2\/product"}],"about":[{"href":"https:\/\/mandarin.digiants.agency\/en\/wp-json\/wp\/v2\/types\/product"}],"replies":[{"embeddable":true,"href":"https:\/\/mandarin.digiants.agency\/en\/wp-json\/wp\/v2\/comments?post=76613"}],"wp:featuredmedia":[{"embeddable":true,"href":"https:\/\/mandarin.digiants.agency\/en\/wp-json\/wp\/v2\/media\/81688"}],"wp:attachment":[{"href":"https:\/\/mandarin.digiants.agency\/en\/wp-json\/wp\/v2\/media?parent=76613"}],"wp:term":[{"taxonomy":"brand","embeddable":true,"href":"https:\/\/mandarin.digiants.agency\/en\/wp-json\/wp\/v2\/brand?post=76613"},{"taxonomy":"painter","embeddable":true,"href":"https:\/\/mandarin.digiants.agency\/en\/wp-json\/wp\/v2\/painter?post=76613"},{"taxonomy":"genre","embeddable":true,"href":"https:\/\/mandarin.digiants.agency\/en\/wp-json\/wp\/v2\/genre?post=76613"}],"curies":[{"name":"wp","href":"https:\/\/api.w.org\/{rel}","templated":true}]}}