{"id":76616,"date":"2021-03-18T19:13:52","date_gmt":"2021-03-18T19:13:52","guid":{"rendered":"https:\/\/mandarin.digiants.agency\/product\/uksupova-tarilka-h-deco-rougerusupovaya-tarelka-h-deco-rougeenh-deco-rouge-soup-plate\/"},"modified":"2026-01-06T17:28:56","modified_gmt":"2026-01-06T17:28:56","slug":"uksupova-tarilka-h-deco-rougerusupovaya-tarelka-h-deco-rougeenh-deco-rouge-soup-plate","status":"publish","type":"product","link":"https:\/\/mandarin.digiants.agency\/en\/product\/uksupova-tarilka-h-deco-rougerusupovaya-tarelka-h-deco-rougeenh-deco-rouge-soup-plate\/","title":{"rendered":"H D\u00e9co Rouge soup plate"},"content":{"rendered":"<p>Soup plate from H D\u00e9co Rouge collection. In blocks of colour or fine lines, in positive or negative, H D\u00e9co Rouge monochrome patterns have forged their contours amongst the wrought ironwork of the Parisian stores.<br \/>\nThis version of H D\u00e9co Rouge plays the colour card with a deep, Bordeaux-hued red for new contrasts in red and white. <\/p>\n<p>Herm\u00e8s brand is officially presented at the MANDARIN MAISON.<\/p>\n","protected":false},"excerpt":{"rendered":"<p>Soup plate from H D\u00e9co Rouge collection. In blocks of colour or fine lines, in positive or negative, H D\u00e9co Rouge monochrome patterns have forged their contours amongst the wrought ironwork of the Parisian stores. This version of H D\u00e9co Rouge plays the colour card with a deep, Bordeaux-hued red for new contrasts in red<\/p>\n","protected":false},"featured_media":81716,"comment_status":"closed","ping_status":"closed","template":"","meta":[],"brand":[1866],"painter":[],"genre":[],"acf":[],"_links":{"self":[{"href":"https:\/\/mandarin.digiants.agency\/en\/wp-json\/wp\/v2\/product\/76616"}],"collection":[{"href":"https:\/\/mandarin.digiants.agency\/en\/wp-json\/wp\/v2\/product"}],"about":[{"href":"https:\/\/mandarin.digiants.agency\/en\/wp-json\/wp\/v2\/types\/product"}],"replies":[{"embeddable":true,"href":"https:\/\/mandarin.digiants.agency\/en\/wp-json\/wp\/v2\/comments?post=76616"}],"wp:featuredmedia":[{"embeddable":true,"href":"https:\/\/mandarin.digiants.agency\/en\/wp-json\/wp\/v2\/media\/81716"}],"wp:attachment":[{"href":"https:\/\/mandarin.digiants.agency\/en\/wp-json\/wp\/v2\/media?parent=76616"}],"wp:term":[{"taxonomy":"brand","embeddable":true,"href":"https:\/\/mandarin.digiants.agency\/en\/wp-json\/wp\/v2\/brand?post=76616"},{"taxonomy":"painter","embeddable":true,"href":"https:\/\/mandarin.digiants.agency\/en\/wp-json\/wp\/v2\/painter?post=76616"},{"taxonomy":"genre","embeddable":true,"href":"https:\/\/mandarin.digiants.agency\/en\/wp-json\/wp\/v2\/genre?post=76616"}],"curies":[{"name":"wp","href":"https:\/\/api.w.org\/{rel}","templated":true}]}}