{"id":77157,"date":"2021-03-19T02:10:31","date_gmt":"2021-03-19T02:10:31","guid":{"rendered":"https:\/\/mandarin.digiants.agency\/product\/uknabir-sklyanok-dlya-vody-vega-2-sht-runabor-stakanov-dlya-vod%d1%8b-vega-2-sht-envega-highball-2-pcs\/"},"modified":"2026-01-06T17:28:04","modified_gmt":"2026-01-06T17:28:04","slug":"uknabir-sklyanok-dlya-vody-vega-2-sht-runabor-stakanov-dlya-vodi-vega-2-sht-envega-highball-2-pcs","status":"publish","type":"product","link":"https:\/\/mandarin.digiants.agency\/en\/product\/uknabir-sklyanok-dlya-vody-vega-2-sht-runabor-stakanov-dlya-vodi-vega-2-sht-envega-highball-2-pcs\/","title":{"rendered":"Baccarat V\u00e9ga Highball (2 Pcs.)"},"content":{"rendered":"<p>V\u00e9ga Highball (2 pcs.). The V\u00e9ga collection from baccarat Crystal has a sleek and modern silhouette. The geometric stem is eye-catching: three stacked diamond-shaped silhouette resembles exquisite beads strung. Designed for Baccarat by Savinel &#038; Roze, the upper smoothness is juxtaposed with lower angularity: the curvature of the bowl contrasts sharply with the bevel-cut zigzag of the stem. The innovative form adds to the enjoyment of sipping a quality vintage. <\/p>\n<p>You can buy Baccarat crystal vases, glasses and sculptures on MANDARIN MAISON website with delivery in Ukraine or pick up your order in our store: Mandarin Plaza Mall 5th floor, Kyiv.<\/p>\n","protected":false},"excerpt":{"rendered":"<p>V\u00e9ga Highball (2 pcs.). The V\u00e9ga collection from baccarat Crystal has a sleek and modern silhouette. The geometric stem is eye-catching: three stacked diamond-shaped silhouette resembles exquisite beads strung. Designed for Baccarat by Savinel &#038; Roze, the upper smoothness is juxtaposed with lower angularity: the curvature of the bowl contrasts sharply with the bevel-cut zigzag<\/p>\n","protected":false},"featured_media":80262,"comment_status":"closed","ping_status":"closed","template":"","meta":[],"brand":[28713],"painter":[],"genre":[],"acf":[],"_links":{"self":[{"href":"https:\/\/mandarin.digiants.agency\/en\/wp-json\/wp\/v2\/product\/77157"}],"collection":[{"href":"https:\/\/mandarin.digiants.agency\/en\/wp-json\/wp\/v2\/product"}],"about":[{"href":"https:\/\/mandarin.digiants.agency\/en\/wp-json\/wp\/v2\/types\/product"}],"replies":[{"embeddable":true,"href":"https:\/\/mandarin.digiants.agency\/en\/wp-json\/wp\/v2\/comments?post=77157"}],"wp:featuredmedia":[{"embeddable":true,"href":"https:\/\/mandarin.digiants.agency\/en\/wp-json\/wp\/v2\/media\/80262"}],"wp:attachment":[{"href":"https:\/\/mandarin.digiants.agency\/en\/wp-json\/wp\/v2\/media?parent=77157"}],"wp:term":[{"taxonomy":"brand","embeddable":true,"href":"https:\/\/mandarin.digiants.agency\/en\/wp-json\/wp\/v2\/brand?post=77157"},{"taxonomy":"painter","embeddable":true,"href":"https:\/\/mandarin.digiants.agency\/en\/wp-json\/wp\/v2\/painter?post=77157"},{"taxonomy":"genre","embeddable":true,"href":"https:\/\/mandarin.digiants.agency\/en\/wp-json\/wp\/v2\/genre?post=77157"}],"curies":[{"name":"wp","href":"https:\/\/api.w.org\/{rel}","templated":true}]}}