{"id":77198,"date":"2021-03-19T02:12:57","date_gmt":"2021-03-19T02:12:57","guid":{"rendered":"https:\/\/mandarin.digiants.agency\/product\/uktarilka-pyrizhkova-h-deco-rougerutarelka-pyrozhkovaya-h-deco-rougeenh-deco-rouge-bread-and-butter-plate\/"},"modified":"2026-01-06T17:28:51","modified_gmt":"2026-01-06T17:28:51","slug":"uktarilka-pyrizhkova-h-deco-rougerutarelka-pyrozhkovaya-h-deco-rougeenh-deco-rouge-bread-and-butter-plate","status":"publish","type":"product","link":"https:\/\/mandarin.digiants.agency\/en\/product\/uktarilka-pyrizhkova-h-deco-rougerutarelka-pyrozhkovaya-h-deco-rougeenh-deco-rouge-bread-and-butter-plate\/","title":{"rendered":"H D\u00e9co Rouge bread and butter plate"},"content":{"rendered":"<p>Bread and butter plate the H D\u00e9co Rouge collection. In blocks of colour or fine lines, in positive or negative, H D\u00e9co Rouge monochrome patterns have forged their contours amongst the wrought ironwork of the Parisian stores.<br \/>\nThis version of H D\u00e9co Rouge plays the colour card with a deep, Bordeaux-hued red for new contrasts in red and white. <\/p>\n<p>Herm\u00e8s brand is officially presented at the MANDARIN MAISON.<\/p>\n","protected":false},"excerpt":{"rendered":"<p>Bread and butter plate the H D\u00e9co Rouge collection. In blocks of colour or fine lines, in positive or negative, H D\u00e9co Rouge monochrome patterns have forged their contours amongst the wrought ironwork of the Parisian stores. This version of H D\u00e9co Rouge plays the colour card with a deep, Bordeaux-hued red for new contrasts<\/p>\n","protected":false},"featured_media":81689,"comment_status":"closed","ping_status":"closed","template":"","meta":[],"brand":[1866],"painter":[],"genre":[],"acf":[],"_links":{"self":[{"href":"https:\/\/mandarin.digiants.agency\/en\/wp-json\/wp\/v2\/product\/77198"}],"collection":[{"href":"https:\/\/mandarin.digiants.agency\/en\/wp-json\/wp\/v2\/product"}],"about":[{"href":"https:\/\/mandarin.digiants.agency\/en\/wp-json\/wp\/v2\/types\/product"}],"replies":[{"embeddable":true,"href":"https:\/\/mandarin.digiants.agency\/en\/wp-json\/wp\/v2\/comments?post=77198"}],"wp:featuredmedia":[{"embeddable":true,"href":"https:\/\/mandarin.digiants.agency\/en\/wp-json\/wp\/v2\/media\/81689"}],"wp:attachment":[{"href":"https:\/\/mandarin.digiants.agency\/en\/wp-json\/wp\/v2\/media?parent=77198"}],"wp:term":[{"taxonomy":"brand","embeddable":true,"href":"https:\/\/mandarin.digiants.agency\/en\/wp-json\/wp\/v2\/brand?post=77198"},{"taxonomy":"painter","embeddable":true,"href":"https:\/\/mandarin.digiants.agency\/en\/wp-json\/wp\/v2\/painter?post=77198"},{"taxonomy":"genre","embeddable":true,"href":"https:\/\/mandarin.digiants.agency\/en\/wp-json\/wp\/v2\/genre?post=77198"}],"curies":[{"name":"wp","href":"https:\/\/api.w.org\/{rel}","templated":true}]}}