{"id":77611,"date":"2021-03-26T12:41:55","date_gmt":"2021-03-26T12:41:55","guid":{"rendered":"https:\/\/mandarin.digiants.agency\/product\/ukmyasorubka-dlya-planetarnogo-mikserarumyasorubka-dlya-planetarnogo-mykseraenmulti-food-grinder\/"},"modified":"2026-01-06T17:28:12","modified_gmt":"2026-01-06T17:28:12","slug":"myasorubka-smeg-dlya-planetarnogo-miksera","status":"publish","type":"product","link":"https:\/\/mandarin.digiants.agency\/en\/product\/myasorubka-smeg-dlya-planetarnogo-miksera\/","title":{"rendered":"Multi food grinder Smeg"},"content":{"rendered":"<p>Multi food grinder Smeg SMMG01.<\/p>\n<p>TXT: Alluminum alloy body, ferrule and cochlea. Included accessories: 3 stainless steel discs for mincing (coarse \u00d8 8 mm, medium \u00d8 4,2 mm, fine \u00d8 3 mm), plastic Sousages and Kebbe accessoriy, a silicondisc for cleaning and a pestel to introduce better the ingredients. Suitable for SMF01\/02\/03\/13.<\/p>\n<p>TYPE<\/p>\n<p>Family: accessories<br \/>\nFamily group: stand mixer<br \/>\nType: multi food grinder<br \/>\nProduct dimensions (H x W x D): 17 x 8 x 15 mm<\/p>\n<p>You can buy toasters, kettles, planetary mixers, coffee machines and other Smeg appliances on MANDARIN MAISON website with delivery in Ukraine or pick up your order in our store: Mandarin Plaza Mall 5th floor, Kyiv.<\/p>\n","protected":false},"excerpt":{"rendered":"<p>Multi food grinder Smeg SMMG01. TXT: Alluminum alloy body, ferrule and cochlea. Included accessories: 3 stainless steel discs for mincing (coarse \u00d8 8 mm, medium \u00d8 4,2 mm, fine \u00d8 3 mm), plastic Sousages and Kebbe accessoriy, a silicondisc for cleaning and a pestel to introduce better the ingredients. Suitable for SMF01\/02\/03\/13. TYPE Family: accessories<\/p>\n","protected":false},"featured_media":80146,"comment_status":"closed","ping_status":"closed","template":"","meta":[],"brand":[3261],"painter":[],"genre":[],"acf":[],"_links":{"self":[{"href":"https:\/\/mandarin.digiants.agency\/en\/wp-json\/wp\/v2\/product\/77611"}],"collection":[{"href":"https:\/\/mandarin.digiants.agency\/en\/wp-json\/wp\/v2\/product"}],"about":[{"href":"https:\/\/mandarin.digiants.agency\/en\/wp-json\/wp\/v2\/types\/product"}],"replies":[{"embeddable":true,"href":"https:\/\/mandarin.digiants.agency\/en\/wp-json\/wp\/v2\/comments?post=77611"}],"wp:featuredmedia":[{"embeddable":true,"href":"https:\/\/mandarin.digiants.agency\/en\/wp-json\/wp\/v2\/media\/80146"}],"wp:attachment":[{"href":"https:\/\/mandarin.digiants.agency\/en\/wp-json\/wp\/v2\/media?parent=77611"}],"wp:term":[{"taxonomy":"brand","embeddable":true,"href":"https:\/\/mandarin.digiants.agency\/en\/wp-json\/wp\/v2\/brand?post=77611"},{"taxonomy":"painter","embeddable":true,"href":"https:\/\/mandarin.digiants.agency\/en\/wp-json\/wp\/v2\/painter?post=77611"},{"taxonomy":"genre","embeddable":true,"href":"https:\/\/mandarin.digiants.agency\/en\/wp-json\/wp\/v2\/genre?post=77611"}],"curies":[{"name":"wp","href":"https:\/\/api.w.org\/{rel}","templated":true}]}}