{"id":78952,"date":"2021-05-13T15:06:30","date_gmt":"2021-05-13T15:06:30","guid":{"rendered":"https:\/\/mandarin.digiants.agency\/product\/ukchashka-s-blyudczem-dlya-chayu-amerykano-mosaique-au-24-platineruchashka-s-blyudczem-dlya-chaya-amerykano-mosaique-au-24-platineenmosaique-au-24-platine-tea-cup-and-saucer\/"},"modified":"2026-01-06T17:29:16","modified_gmt":"2026-01-06T17:29:16","slug":"ukchashka-s-blyudczem-dlya-chayu-amerykano-mosaique-au-24-platineruchashka-s-blyudczem-dlya-chaya-amerykano-mosaique-au-24-platineenmosaique-au-24-platine-tea-cup-and-saucer","status":"publish","type":"product","link":"https:\/\/mandarin.digiants.agency\/en\/product\/ukchashka-s-blyudczem-dlya-chayu-amerykano-mosaique-au-24-platineruchashka-s-blyudczem-dlya-chaya-amerykano-mosaique-au-24-platineenmosaique-au-24-platine-tea-cup-and-saucer\/","title":{"rendered":"Mosa\u00efque au 24 Platine tea cup and saucer"},"content":{"rendered":"<p>Tea cup and saucer from Mosa\u00efque au 24 Platine. This monochromatic interpretation of the Mosa\u00efque au 24 pattern features shades of grey embellished with platinum.<br \/>\nIts motifs were inspired by the Art Deco mosaics that adorn the Parisian store at 24, rue du Faubourg Saint-Honor\u00e9. <\/p>\n<p>Herm\u00e8s brand is officially presented at the MANDARIN MAISON.<\/p>\n","protected":false},"excerpt":{"rendered":"<p>Tea cup and saucer from Mosa\u00efque au 24 Platine. This monochromatic interpretation of the Mosa\u00efque au 24 pattern features shades of grey embellished with platinum. Its motifs were inspired by the Art Deco mosaics that adorn the Parisian store at 24, rue du Faubourg Saint-Honor\u00e9. Herm\u00e8s brand is officially presented at the MANDARIN MAISON.<\/p>\n","protected":false},"featured_media":81791,"comment_status":"closed","ping_status":"closed","template":"","meta":[],"brand":[1869],"painter":[],"genre":[],"acf":[],"_links":{"self":[{"href":"https:\/\/mandarin.digiants.agency\/en\/wp-json\/wp\/v2\/product\/78952"}],"collection":[{"href":"https:\/\/mandarin.digiants.agency\/en\/wp-json\/wp\/v2\/product"}],"about":[{"href":"https:\/\/mandarin.digiants.agency\/en\/wp-json\/wp\/v2\/types\/product"}],"replies":[{"embeddable":true,"href":"https:\/\/mandarin.digiants.agency\/en\/wp-json\/wp\/v2\/comments?post=78952"}],"wp:featuredmedia":[{"embeddable":true,"href":"https:\/\/mandarin.digiants.agency\/en\/wp-json\/wp\/v2\/media\/81791"}],"wp:attachment":[{"href":"https:\/\/mandarin.digiants.agency\/en\/wp-json\/wp\/v2\/media?parent=78952"}],"wp:term":[{"taxonomy":"brand","embeddable":true,"href":"https:\/\/mandarin.digiants.agency\/en\/wp-json\/wp\/v2\/brand?post=78952"},{"taxonomy":"painter","embeddable":true,"href":"https:\/\/mandarin.digiants.agency\/en\/wp-json\/wp\/v2\/painter?post=78952"},{"taxonomy":"genre","embeddable":true,"href":"https:\/\/mandarin.digiants.agency\/en\/wp-json\/wp\/v2\/genre?post=78952"}],"curies":[{"name":"wp","href":"https:\/\/api.w.org\/{rel}","templated":true}]}}