{"id":78954,"date":"2021-05-13T15:06:30","date_gmt":"2021-05-13T15:06:30","guid":{"rendered":"https:\/\/mandarin.digiants.agency\/product\/ukchashka-s-blyudczem-dlya-chayu-amerykano-h-deco-rougeruchashka-s-blyudczem-dlya-chaya-amerykano-h-deco-rougeenh-deco-rouge-tea-cup-and-saucer\/"},"modified":"2026-01-06T17:29:16","modified_gmt":"2026-01-06T17:29:16","slug":"ukchashka-s-blyudczem-dlya-chayu-amerykano-h-deco-rougeruchashka-s-blyudczem-dlya-chaya-amerykano-h-deco-rougeenh-deco-rouge-tea-cup-and-saucer","status":"publish","type":"product","link":"https:\/\/mandarin.digiants.agency\/en\/product\/ukchashka-s-blyudczem-dlya-chayu-amerykano-h-deco-rougeruchashka-s-blyudczem-dlya-chaya-amerykano-h-deco-rougeenh-deco-rouge-tea-cup-and-saucer\/","title":{"rendered":"H D\u00e9co Rouge tea cup and saucer"},"content":{"rendered":"<p>Tea cup and saucer from H D\u00e9co Rouge collection. In blocks of colour or fine lines, in positive or negative, H D\u00e9co Rouge monochrome patterns have forged their contours amongst the wrought ironwork of the Parisian stores.<br \/>\nThis version of H D\u00e9co Rouge plays the colour card with a deep, Bordeaux-hued red for new contrasts in red and white. <\/p>\n<p>Herm\u00e8s brand is officially presented at the MANDARIN MAISON.<\/p>\n","protected":false},"excerpt":{"rendered":"<p>Tea cup and saucer from H D\u00e9co Rouge collection. In blocks of colour or fine lines, in positive or negative, H D\u00e9co Rouge monochrome patterns have forged their contours amongst the wrought ironwork of the Parisian stores. This version of H D\u00e9co Rouge plays the colour card with a deep, Bordeaux-hued red for new contrasts<\/p>\n","protected":false},"featured_media":81795,"comment_status":"closed","ping_status":"closed","template":"","meta":[],"brand":[1866],"painter":[],"genre":[],"acf":[],"_links":{"self":[{"href":"https:\/\/mandarin.digiants.agency\/en\/wp-json\/wp\/v2\/product\/78954"}],"collection":[{"href":"https:\/\/mandarin.digiants.agency\/en\/wp-json\/wp\/v2\/product"}],"about":[{"href":"https:\/\/mandarin.digiants.agency\/en\/wp-json\/wp\/v2\/types\/product"}],"replies":[{"embeddable":true,"href":"https:\/\/mandarin.digiants.agency\/en\/wp-json\/wp\/v2\/comments?post=78954"}],"wp:featuredmedia":[{"embeddable":true,"href":"https:\/\/mandarin.digiants.agency\/en\/wp-json\/wp\/v2\/media\/81795"}],"wp:attachment":[{"href":"https:\/\/mandarin.digiants.agency\/en\/wp-json\/wp\/v2\/media?parent=78954"}],"wp:term":[{"taxonomy":"brand","embeddable":true,"href":"https:\/\/mandarin.digiants.agency\/en\/wp-json\/wp\/v2\/brand?post=78954"},{"taxonomy":"painter","embeddable":true,"href":"https:\/\/mandarin.digiants.agency\/en\/wp-json\/wp\/v2\/painter?post=78954"},{"taxonomy":"genre","embeddable":true,"href":"https:\/\/mandarin.digiants.agency\/en\/wp-json\/wp\/v2\/genre?post=78954"}],"curies":[{"name":"wp","href":"https:\/\/api.w.org\/{rel}","templated":true}]}}