{"id":83377,"date":"2021-06-25T13:51:21","date_gmt":"2021-06-25T13:51:21","guid":{"rendered":"https:\/\/mandarin.digiants.agency\/product\/ukchashka-s-blyudczem-dlya-chayu-amerykano-mosaique-au-24ruchashka-s-blyudczem-dlya-chaya-amerykano-mosaique-au-24enmosaique-au-24-tea-cup-and-saucer\/"},"modified":"2026-01-06T17:29:16","modified_gmt":"2026-01-06T17:29:16","slug":"ukchashka-s-blyudczem-dlya-chayu-amerykano-mosaique-au-24ruchashka-s-blyudczem-dlya-chaya-amerykano-mosaique-au-24enmosaique-au-24-tea-cup-and-saucer","status":"publish","type":"product","link":"https:\/\/mandarin.digiants.agency\/en\/product\/ukchashka-s-blyudczem-dlya-chayu-amerykano-mosaique-au-24ruchashka-s-blyudczem-dlya-chaya-amerykano-mosaique-au-24enmosaique-au-24-tea-cup-and-saucer\/","title":{"rendered":"Mosa\u00efque au 24 tea cup and saucer"},"content":{"rendered":"<p>Tea cup and saucer from Mosa\u00efque au 24 collection. Tiny ochre and pale grey squares interspersed with gold tiles create geometrical patterns that blend the Art Deco and ancient Greek styles. In the center, a monogrammed H or Herm\u00e8s ex-libris complete the design inspired by the Parisian store at 24, rue du Faubourg Saint-Honor\u00e9. <\/p>\n<p>Herm\u00e8s brand is officially presented at the MANDARIN MAISON.<\/p>\n","protected":false},"excerpt":{"rendered":"<p>Tea cup and saucer from Mosa\u00efque au 24 collection. Tiny ochre and pale grey squares interspersed with gold tiles create geometrical patterns that blend the Art Deco and ancient Greek styles. In the center, a monogrammed H or Herm\u00e8s ex-libris complete the design inspired by the Parisian store at 24, rue du Faubourg Saint-Honor\u00e9. Herm\u00e8s<\/p>\n","protected":false},"featured_media":74570,"comment_status":"closed","ping_status":"closed","template":"","meta":[],"brand":[1868],"painter":[],"genre":[],"acf":[],"_links":{"self":[{"href":"https:\/\/mandarin.digiants.agency\/en\/wp-json\/wp\/v2\/product\/83377"}],"collection":[{"href":"https:\/\/mandarin.digiants.agency\/en\/wp-json\/wp\/v2\/product"}],"about":[{"href":"https:\/\/mandarin.digiants.agency\/en\/wp-json\/wp\/v2\/types\/product"}],"replies":[{"embeddable":true,"href":"https:\/\/mandarin.digiants.agency\/en\/wp-json\/wp\/v2\/comments?post=83377"}],"wp:featuredmedia":[{"embeddable":true,"href":"https:\/\/mandarin.digiants.agency\/en\/wp-json\/wp\/v2\/media\/74570"}],"wp:attachment":[{"href":"https:\/\/mandarin.digiants.agency\/en\/wp-json\/wp\/v2\/media?parent=83377"}],"wp:term":[{"taxonomy":"brand","embeddable":true,"href":"https:\/\/mandarin.digiants.agency\/en\/wp-json\/wp\/v2\/brand?post=83377"},{"taxonomy":"painter","embeddable":true,"href":"https:\/\/mandarin.digiants.agency\/en\/wp-json\/wp\/v2\/painter?post=83377"},{"taxonomy":"genre","embeddable":true,"href":"https:\/\/mandarin.digiants.agency\/en\/wp-json\/wp\/v2\/genre?post=83377"}],"curies":[{"name":"wp","href":"https:\/\/api.w.org\/{rel}","templated":true}]}}