{"id":91021,"date":"2021-12-18T04:07:30","date_gmt":"2021-12-18T04:07:30","guid":{"rendered":"https:\/\/mandarin.digiants.agency\/product\/gazova-zapravka-s-t-dupont-defi-extreme-1-sht\/"},"modified":"2023-12-11T11:30:58","modified_gmt":"2023-12-11T11:30:58","slug":"gazova-zapravka-s-t-dupont-defi-extreme-1-sht","status":"publish","type":"product","link":"https:\/\/mandarin.digiants.agency\/en\/product\/gazova-zapravka-s-t-dupont-defi-extreme-1-sht\/","title":{"rendered":"Gas refill D\u00e9fi Extreme S.T. Dupont (1 piece)"},"content":{"rendered":"<p>Gas refill D\u00e9fi Extreme S.T. Dupont (1 piece) 000436.<\/p>\n<p>Red gas refill. For the following lighters: D\u00e9fi Xtreme and D\u00e9fi XXtreme.<\/p>\n<p>Buy lighters, pens, cufflinks, wallets, belts, briefcases and other accessories from S.T. Dupont can be on the MANDARIN MAISON website with delivery in Ukraine or pick up your order in our store in Kiev in the Mandarin Plaza shopping center, 5th floor.<\/p>\n","protected":false},"excerpt":{"rendered":"<p>Gas refill D\u00e9fi Extreme S.T. Dupont (1 piece) 000436. Red gas refill. For the following lighters: D\u00e9fi Xtreme and D\u00e9fi XXtreme. Buy lighters, pens, cufflinks, wallets, belts, briefcases and other accessories from S.T. Dupont can be on the MANDARIN MAISON website with delivery in Ukraine or pick up your order in our store in Kiev<\/p>\n","protected":false},"featured_media":91022,"comment_status":"closed","ping_status":"closed","template":"","meta":[],"brand":[28268],"painter":[],"genre":[],"acf":[],"_links":{"self":[{"href":"https:\/\/mandarin.digiants.agency\/en\/wp-json\/wp\/v2\/product\/91021"}],"collection":[{"href":"https:\/\/mandarin.digiants.agency\/en\/wp-json\/wp\/v2\/product"}],"about":[{"href":"https:\/\/mandarin.digiants.agency\/en\/wp-json\/wp\/v2\/types\/product"}],"replies":[{"embeddable":true,"href":"https:\/\/mandarin.digiants.agency\/en\/wp-json\/wp\/v2\/comments?post=91021"}],"wp:featuredmedia":[{"embeddable":true,"href":"https:\/\/mandarin.digiants.agency\/en\/wp-json\/wp\/v2\/media\/91022"}],"wp:attachment":[{"href":"https:\/\/mandarin.digiants.agency\/en\/wp-json\/wp\/v2\/media?parent=91021"}],"wp:term":[{"taxonomy":"brand","embeddable":true,"href":"https:\/\/mandarin.digiants.agency\/en\/wp-json\/wp\/v2\/brand?post=91021"},{"taxonomy":"painter","embeddable":true,"href":"https:\/\/mandarin.digiants.agency\/en\/wp-json\/wp\/v2\/painter?post=91021"},{"taxonomy":"genre","embeddable":true,"href":"https:\/\/mandarin.digiants.agency\/en\/wp-json\/wp\/v2\/genre?post=91021"}],"curies":[{"name":"wp","href":"https:\/\/api.w.org\/{rel}","templated":true}]}}