{"id":92585,"date":"2022-05-21T03:06:20","date_gmt":"2022-05-21T03:06:20","guid":{"rendered":"https:\/\/mandarin.digiants.agency\/product\/blyudo-dlya-torta-hermes-mosaique-au-24-platine\/"},"modified":"2026-01-06T17:26:55","modified_gmt":"2026-01-06T17:26:55","slug":"blyudo-dlya-torta-hermes-mosaique-au-24-platine","status":"publish","type":"product","link":"https:\/\/mandarin.digiants.agency\/en\/product\/blyudo-dlya-torta-hermes-mosaique-au-24-platine\/","title":{"rendered":"Mosa\u00efque au 24 Platine tart platter Herm\u00e8s"},"content":{"rendered":"<p>Tart platter from Mosa\u00efque au 24 Platine. This monochromatic interpretation of the Mosa\u00efque au 24 pattern features shades of grey embellished with platinum.<br \/>\nIts motifs were inspired by the Art Deco mosaics that adorn the Parisian store at 24, rue du Faubourg Saint-Honor\u00e9. <\/p>\n<p>You can buy Herm\u00e8s porcelain dinnerware on MANDARIN MAISON website with delivery in Ukraine or pick up your order in our store: Mandarin Plaza Mall 5th floor, Kyiv.<\/p>\n","protected":false},"excerpt":{"rendered":"<p>Tart platter from Mosa\u00efque au 24 Platine. This monochromatic interpretation of the Mosa\u00efque au 24 pattern features shades of grey embellished with platinum. Its motifs were inspired by the Art Deco mosaics that adorn the Parisian store at 24, rue du Faubourg Saint-Honor\u00e9. You can buy Herm\u00e8s porcelain dinnerware on MANDARIN MAISON website with delivery<\/p>\n","protected":false},"featured_media":92666,"comment_status":"closed","ping_status":"closed","template":"","meta":[],"brand":[1869],"painter":[],"genre":[],"acf":[],"_links":{"self":[{"href":"https:\/\/mandarin.digiants.agency\/en\/wp-json\/wp\/v2\/product\/92585"}],"collection":[{"href":"https:\/\/mandarin.digiants.agency\/en\/wp-json\/wp\/v2\/product"}],"about":[{"href":"https:\/\/mandarin.digiants.agency\/en\/wp-json\/wp\/v2\/types\/product"}],"replies":[{"embeddable":true,"href":"https:\/\/mandarin.digiants.agency\/en\/wp-json\/wp\/v2\/comments?post=92585"}],"wp:featuredmedia":[{"embeddable":true,"href":"https:\/\/mandarin.digiants.agency\/en\/wp-json\/wp\/v2\/media\/92666"}],"wp:attachment":[{"href":"https:\/\/mandarin.digiants.agency\/en\/wp-json\/wp\/v2\/media?parent=92585"}],"wp:term":[{"taxonomy":"brand","embeddable":true,"href":"https:\/\/mandarin.digiants.agency\/en\/wp-json\/wp\/v2\/brand?post=92585"},{"taxonomy":"painter","embeddable":true,"href":"https:\/\/mandarin.digiants.agency\/en\/wp-json\/wp\/v2\/painter?post=92585"},{"taxonomy":"genre","embeddable":true,"href":"https:\/\/mandarin.digiants.agency\/en\/wp-json\/wp\/v2\/genre?post=92585"}],"curies":[{"name":"wp","href":"https:\/\/api.w.org\/{rel}","templated":true}]}}