{"id":92591,"date":"2022-05-21T03:07:11","date_gmt":"2022-05-21T03:07:11","guid":{"rendered":"https:\/\/mandarin.digiants.agency\/product\/blyudo-kvadratne-%e2%84%964-mosaique-au-24\/"},"modified":"2026-01-06T17:26:56","modified_gmt":"2026-01-06T17:26:56","slug":"blyudo-kvadratne-%e2%84%964-mosaique-au-24","status":"publish","type":"product","link":"https:\/\/mandarin.digiants.agency\/en\/product\/blyudo-kvadratne-%e2%84%964-mosaique-au-24\/","title":{"rendered":"Mosa\u00efque au 24 Square plate \u2116 4"},"content":{"rendered":"<p>Square plate \u2116 4 from Mosa\u00efque au 24 collection. Tiny ochre and pale grey squares interspersed with gold tiles create geometrical patterns that blend the Art Deco and ancient Greek styles. In the center, a monogrammed H or Herm\u00e8s ex-libris complete the design inspired by the Parisian store at 24, rue du Faubourg Saint-Honor\u00e9. <\/p>\n<p>Herm\u00e8s brand is officially presented at the MANDARIN MAISON.<\/p>\n","protected":false},"excerpt":{"rendered":"<p>Square plate \u2116 4 from Mosa\u00efque au 24 collection. Tiny ochre and pale grey squares interspersed with gold tiles create geometrical patterns that blend the Art Deco and ancient Greek styles. In the center, a monogrammed H or Herm\u00e8s ex-libris complete the design inspired by the Parisian store at 24, rue du Faubourg Saint-Honor\u00e9. Herm\u00e8s<\/p>\n","protected":false},"featured_media":75082,"comment_status":"closed","ping_status":"closed","template":"","meta":[],"brand":[1868],"painter":[],"genre":[],"acf":[],"_links":{"self":[{"href":"https:\/\/mandarin.digiants.agency\/en\/wp-json\/wp\/v2\/product\/92591"}],"collection":[{"href":"https:\/\/mandarin.digiants.agency\/en\/wp-json\/wp\/v2\/product"}],"about":[{"href":"https:\/\/mandarin.digiants.agency\/en\/wp-json\/wp\/v2\/types\/product"}],"replies":[{"embeddable":true,"href":"https:\/\/mandarin.digiants.agency\/en\/wp-json\/wp\/v2\/comments?post=92591"}],"wp:featuredmedia":[{"embeddable":true,"href":"https:\/\/mandarin.digiants.agency\/en\/wp-json\/wp\/v2\/media\/75082"}],"wp:attachment":[{"href":"https:\/\/mandarin.digiants.agency\/en\/wp-json\/wp\/v2\/media?parent=92591"}],"wp:term":[{"taxonomy":"brand","embeddable":true,"href":"https:\/\/mandarin.digiants.agency\/en\/wp-json\/wp\/v2\/brand?post=92591"},{"taxonomy":"painter","embeddable":true,"href":"https:\/\/mandarin.digiants.agency\/en\/wp-json\/wp\/v2\/painter?post=92591"},{"taxonomy":"genre","embeddable":true,"href":"https:\/\/mandarin.digiants.agency\/en\/wp-json\/wp\/v2\/genre?post=92591"}],"curies":[{"name":"wp","href":"https:\/\/api.w.org\/{rel}","templated":true}]}}