{"id":92607,"date":"2022-05-21T03:12:50","date_gmt":"2022-05-21T03:12:50","guid":{"rendered":"https:\/\/mandarin.digiants.agency\/product\/kruzhka-%e2%84%962-h-deco\/"},"modified":"2026-01-06T17:27:44","modified_gmt":"2026-01-06T17:27:44","slug":"kruzhka-%e2%84%962-h-deco","status":"publish","type":"product","link":"https:\/\/mandarin.digiants.agency\/en\/product\/kruzhka-%e2%84%962-h-deco\/","title":{"rendered":"H D\u00e9co mug \u21162"},"content":{"rendered":"<p>Mug \u21162 from H D\u00e9co collection. The Art Deco wrought-iron friezes,<br \/>\nwhich adorn the Herm\u00e8s 24 Faubourg<br \/>\nand rue de S\u00e8vres stores, inspired H D\u00e9co.<br \/>\nThis very Parisian tea service is stamped with the initials HH, around which<br \/>\nan intricate black and white decoration spirals. <\/p>\n<p>Herm\u00e8s brand is officially presented at the MANDARIN MAISON.<\/p>\n","protected":false},"excerpt":{"rendered":"<p>Mug \u21162 from H D\u00e9co collection. The Art Deco wrought-iron friezes, which adorn the Herm\u00e8s 24 Faubourg and rue de S\u00e8vres stores, inspired H D\u00e9co. This very Parisian tea service is stamped with the initials HH, around which an intricate black and white decoration spirals. Herm\u00e8s brand is officially presented at the MANDARIN MAISON.<\/p>\n","protected":false},"featured_media":72420,"comment_status":"closed","ping_status":"closed","template":"","meta":[],"brand":[1865],"painter":[],"genre":[],"acf":[],"_links":{"self":[{"href":"https:\/\/mandarin.digiants.agency\/en\/wp-json\/wp\/v2\/product\/92607"}],"collection":[{"href":"https:\/\/mandarin.digiants.agency\/en\/wp-json\/wp\/v2\/product"}],"about":[{"href":"https:\/\/mandarin.digiants.agency\/en\/wp-json\/wp\/v2\/types\/product"}],"replies":[{"embeddable":true,"href":"https:\/\/mandarin.digiants.agency\/en\/wp-json\/wp\/v2\/comments?post=92607"}],"wp:featuredmedia":[{"embeddable":true,"href":"https:\/\/mandarin.digiants.agency\/en\/wp-json\/wp\/v2\/media\/72420"}],"wp:attachment":[{"href":"https:\/\/mandarin.digiants.agency\/en\/wp-json\/wp\/v2\/media?parent=92607"}],"wp:term":[{"taxonomy":"brand","embeddable":true,"href":"https:\/\/mandarin.digiants.agency\/en\/wp-json\/wp\/v2\/brand?post=92607"},{"taxonomy":"painter","embeddable":true,"href":"https:\/\/mandarin.digiants.agency\/en\/wp-json\/wp\/v2\/painter?post=92607"},{"taxonomy":"genre","embeddable":true,"href":"https:\/\/mandarin.digiants.agency\/en\/wp-json\/wp\/v2\/genre?post=92607"}],"curies":[{"name":"wp","href":"https:\/\/api.w.org\/{rel}","templated":true}]}}