{"id":92610,"date":"2022-05-21T03:13:42","date_gmt":"2022-05-21T03:13:42","guid":{"rendered":"https:\/\/mandarin.digiants.agency\/product\/molochnyk-mosaique-au-24\/"},"modified":"2026-01-06T17:27:55","modified_gmt":"2026-01-06T17:27:55","slug":"molochnyk-mosaique-au-24","status":"publish","type":"product","link":"https:\/\/mandarin.digiants.agency\/en\/product\/molochnyk-mosaique-au-24\/","title":{"rendered":"Mosa\u00efque au 24 creamer"},"content":{"rendered":"<p>Creamer from Mosa\u00efque au 24 collection. Tiny ochre and pale grey squares interspersed with gold tiles create geometrical patterns that blend the Art Deco and ancient Greek styles. In the center, a monogrammed H or Herm\u00e8s ex-libris complete the design inspired by the Parisian store at 24, rue du Faubourg Saint-Honor\u00e9. <\/p>\n<p>Herm\u00e8s brand is officially presented at the MANDARIN MAISON.<\/p>\n","protected":false},"excerpt":{"rendered":"<p>Creamer from Mosa\u00efque au 24 collection. Tiny ochre and pale grey squares interspersed with gold tiles create geometrical patterns that blend the Art Deco and ancient Greek styles. In the center, a monogrammed H or Herm\u00e8s ex-libris complete the design inspired by the Parisian store at 24, rue du Faubourg Saint-Honor\u00e9. Herm\u00e8s brand is officially<\/p>\n","protected":false},"featured_media":72077,"comment_status":"closed","ping_status":"closed","template":"","meta":[],"brand":[1868],"painter":[],"genre":[],"acf":[],"_links":{"self":[{"href":"https:\/\/mandarin.digiants.agency\/en\/wp-json\/wp\/v2\/product\/92610"}],"collection":[{"href":"https:\/\/mandarin.digiants.agency\/en\/wp-json\/wp\/v2\/product"}],"about":[{"href":"https:\/\/mandarin.digiants.agency\/en\/wp-json\/wp\/v2\/types\/product"}],"replies":[{"embeddable":true,"href":"https:\/\/mandarin.digiants.agency\/en\/wp-json\/wp\/v2\/comments?post=92610"}],"wp:featuredmedia":[{"embeddable":true,"href":"https:\/\/mandarin.digiants.agency\/en\/wp-json\/wp\/v2\/media\/72077"}],"wp:attachment":[{"href":"https:\/\/mandarin.digiants.agency\/en\/wp-json\/wp\/v2\/media?parent=92610"}],"wp:term":[{"taxonomy":"brand","embeddable":true,"href":"https:\/\/mandarin.digiants.agency\/en\/wp-json\/wp\/v2\/brand?post=92610"},{"taxonomy":"painter","embeddable":true,"href":"https:\/\/mandarin.digiants.agency\/en\/wp-json\/wp\/v2\/painter?post=92610"},{"taxonomy":"genre","embeddable":true,"href":"https:\/\/mandarin.digiants.agency\/en\/wp-json\/wp\/v2\/genre?post=92610"}],"curies":[{"name":"wp","href":"https:\/\/api.w.org\/{rel}","templated":true}]}}