{"id":92619,"date":"2022-05-21T03:16:10","date_gmt":"2022-05-21T03:16:10","guid":{"rendered":"https:\/\/mandarin.digiants.agency\/product\/malenka-piala-dlya-supu-mosaique-au-24-platine\/"},"modified":"2026-01-06T17:28:16","modified_gmt":"2026-01-06T17:28:16","slug":"malenka-piala-dlya-supu-mosaique-au-24-platine","status":"publish","type":"product","link":"https:\/\/mandarin.digiants.agency\/en\/product\/malenka-piala-dlya-supu-mosaique-au-24-platine\/","title":{"rendered":"Mosa\u00efque au 24 Platine soup bowl"},"content":{"rendered":"<p>Soup bowl from Mosa\u00efque au 24 Platine. This monochromatic interpretation of the Mosa\u00efque au 24 pattern features shades of grey embellished with platinum.<br \/>\nIts motifs were inspired by the Art Deco mosaics that adorn the Parisian store at 24, rue du Faubourg Saint-Honor\u00e9. <\/p>\n<p>Herm\u00e8s brand is officially presented at the MANDARIN MAISON.<\/p>\n","protected":false},"excerpt":{"rendered":"<p>Soup bowl from Mosa\u00efque au 24 Platine. This monochromatic interpretation of the Mosa\u00efque au 24 pattern features shades of grey embellished with platinum. Its motifs were inspired by the Art Deco mosaics that adorn the Parisian store at 24, rue du Faubourg Saint-Honor\u00e9. Herm\u00e8s brand is officially presented at the MANDARIN MAISON.<\/p>\n","protected":false},"featured_media":74792,"comment_status":"closed","ping_status":"closed","template":"","meta":[],"brand":[1869],"painter":[],"genre":[],"acf":[],"_links":{"self":[{"href":"https:\/\/mandarin.digiants.agency\/en\/wp-json\/wp\/v2\/product\/92619"}],"collection":[{"href":"https:\/\/mandarin.digiants.agency\/en\/wp-json\/wp\/v2\/product"}],"about":[{"href":"https:\/\/mandarin.digiants.agency\/en\/wp-json\/wp\/v2\/types\/product"}],"replies":[{"embeddable":true,"href":"https:\/\/mandarin.digiants.agency\/en\/wp-json\/wp\/v2\/comments?post=92619"}],"wp:featuredmedia":[{"embeddable":true,"href":"https:\/\/mandarin.digiants.agency\/en\/wp-json\/wp\/v2\/media\/74792"}],"wp:attachment":[{"href":"https:\/\/mandarin.digiants.agency\/en\/wp-json\/wp\/v2\/media?parent=92619"}],"wp:term":[{"taxonomy":"brand","embeddable":true,"href":"https:\/\/mandarin.digiants.agency\/en\/wp-json\/wp\/v2\/brand?post=92619"},{"taxonomy":"painter","embeddable":true,"href":"https:\/\/mandarin.digiants.agency\/en\/wp-json\/wp\/v2\/painter?post=92619"},{"taxonomy":"genre","embeddable":true,"href":"https:\/\/mandarin.digiants.agency\/en\/wp-json\/wp\/v2\/genre?post=92619"}],"curies":[{"name":"wp","href":"https:\/\/api.w.org\/{rel}","templated":true}]}}