{"id":96585,"date":"2022-07-26T03:35:55","date_gmt":"2022-07-26T03:35:55","guid":{"rendered":"https:\/\/mandarin.digiants.agency\/product\/yzmelchytel-dlya-produktov-kuhonn%d1%8bj-kombajn-kitchenaid-ob%d1%8aem-119l-kremov%d1%8bj\/"},"modified":"2026-01-06T17:27:47","modified_gmt":"2026-01-06T17:27:47","slug":"yzmelchytel-dlya-produktov-kuhonn%d1%8bj-kombajn-kitchenaid-ob%d1%8aem-119l-kremov%d1%8bj","status":"publish","type":"product","link":"https:\/\/mandarin.digiants.agency\/en\/product\/yzmelchytel-dlya-produktov-kuhonn%d1%8bj-kombajn-kitchenaid-ob%d1%8aem-119l-kremov%d1%8bj\/","title":{"rendered":"KitchenAid Food Chopper 1.19 L"},"content":{"rendered":"<p>KitchenAid Food Chopper 1.19 L<\/p>\n<p>\u2022 Compact food chopper with lightweight design, simple in-bowl accessory storage and cord wrap Compact and easy to store<br \/>\n\u2022 1.19 L capacity BPA-free work bowl with pour spout and handle Chop, mix and pur\u0398e with fewer limitations 40% more chopping capacity. Make pouring your dressing or sauce easy<br \/>\n\u2022 Two speeds and Pulse in-lid operations for precise control To produce coarse to fine results<br \/>\n\u2022 Multipurpose stainless steel blade. To chop raw fruits, vegetables or nuts and to mince parsley, chives or garlic for easy preparations Mix and puree cooked fruit or vegetables with ease To make bread crumbs or grind raw meat<br \/>\n\u2022 Whisk accessory Ability to do more: whisking, whipping, stirring and even making whipped cream in just 30 seconds.<br \/>\n\u2022 Drizzle basin Trickle in the right amount of oil or other liquids whilst in use To create tasty dressings and sauces<br \/>\n\u2022 The work bowl, multipurpose blade and whisk are all dishwasher-safe Easy to clean<\/p>\n<p>Wattage 240 W<br \/>\nMotor AC (alternating current)<br \/>\nVoltage 220 &#8211; 240 V<br \/>\nFrequency 50 \/ 60 Hz<br \/>\nRevolutions per minute (speed 1 to 2) 2450 to 3450* RPM<br \/>\nBody material Plastic<br \/>\nProduct dimensions H \u00d7 W \u00d7 D 25.4 \u00d7 17.8 \u00d7 16 cm<br \/>\nPackaging dimensions H \u00d7 W \u00d7 D 29.5 \u00d7 18.3 \u00d7 18.3 cm<br \/>\nMaster pack dimensions H \u00d7 W \u00d7 D 30.2 \u00d7 36.8 \u00d7 19.3 cm<br \/>\nNet weight 1.4 kg<br \/>\nGross weight 1.6 kg<br \/>\nMaster pack gross weight 3.5 kg<br \/>\nMaster pack 2 units<br \/>\nCord length (under base cord wrap) 91.4 cm<\/p>\n","protected":false},"excerpt":{"rendered":"<p>KitchenAid Food Chopper 1.19 L \u2022 Compact food chopper with lightweight design, simple in-bowl accessory storage and cord wrap Compact and easy to store \u2022 1.19 L capacity BPA-free work bowl with pour spout and handle Chop, mix and pur\u0398e with fewer limitations 40% more chopping capacity. Make pouring your dressing or sauce easy \u2022<\/p>\n","protected":false},"featured_media":96628,"comment_status":"closed","ping_status":"closed","template":"","meta":[],"brand":[29536],"painter":[],"genre":[],"acf":[],"_links":{"self":[{"href":"https:\/\/mandarin.digiants.agency\/en\/wp-json\/wp\/v2\/product\/96585"}],"collection":[{"href":"https:\/\/mandarin.digiants.agency\/en\/wp-json\/wp\/v2\/product"}],"about":[{"href":"https:\/\/mandarin.digiants.agency\/en\/wp-json\/wp\/v2\/types\/product"}],"replies":[{"embeddable":true,"href":"https:\/\/mandarin.digiants.agency\/en\/wp-json\/wp\/v2\/comments?post=96585"}],"wp:featuredmedia":[{"embeddable":true,"href":"https:\/\/mandarin.digiants.agency\/en\/wp-json\/wp\/v2\/media\/96628"}],"wp:attachment":[{"href":"https:\/\/mandarin.digiants.agency\/en\/wp-json\/wp\/v2\/media?parent=96585"}],"wp:term":[{"taxonomy":"brand","embeddable":true,"href":"https:\/\/mandarin.digiants.agency\/en\/wp-json\/wp\/v2\/brand?post=96585"},{"taxonomy":"painter","embeddable":true,"href":"https:\/\/mandarin.digiants.agency\/en\/wp-json\/wp\/v2\/painter?post=96585"},{"taxonomy":"genre","embeddable":true,"href":"https:\/\/mandarin.digiants.agency\/en\/wp-json\/wp\/v2\/genre?post=96585"}],"curies":[{"name":"wp","href":"https:\/\/api.w.org\/{rel}","templated":true}]}}