{"id":99686,"date":"2022-11-10T23:14:40","date_gmt":"2022-11-10T23:14:40","guid":{"rendered":"https:\/\/mandarin.digiants.agency\/product\/vinilova-plativka-buena-vista-social-club-buena-vista-social-club-2lp\/"},"modified":"2026-01-06T17:26:35","modified_gmt":"2026-01-06T17:26:35","slug":"vinilova-plativka-buena-vista-social-club-buena-vista-social-club-2lp","status":"publish","type":"product","link":"https:\/\/mandarin.digiants.agency\/en\/product\/vinilova-plativka-buena-vista-social-club-buena-vista-social-club-2lp\/","title":{"rendered":"Buena Vista Social Club \u200e\u2013 Buena Vista Social Club [2LP]"},"content":{"rendered":"<p>Buena Vista Social Club \u200e\u2013 Buena Vista Social Club [2LP]<\/p>\n<p>A1. Chan Chan<br \/>\nA2. De Camino A La Vereda<br \/>\nA3. El Cuarto De Tula<\/p>\n<p>B1. Pueblo Nuevo<br \/>\nB2. Dos Gardenias<br \/>\nB3. \u00bfY T\u00fa Qu\u00e9 Has Hecho?<\/p>\n<p>C1. Veinte A\u00f1os<br \/>\nC2. El Carretero<br \/>\nC3. Candela<br \/>\nC4. Amor De Loca Juventud<\/p>\n<p>D1. Orgullecida<br \/>\nD2. Murmullo<br \/>\nD3. Buena Vista Social Club<br \/>\nD4. La Bayames<\/p>\n","protected":false},"excerpt":{"rendered":"<p>Buena Vista Social Club \u200e\u2013 Buena Vista Social Club [2LP] A1. Chan Chan A2. De Camino A La Vereda A3. El Cuarto De Tula B1. Pueblo Nuevo B2. Dos Gardenias B3. \u00bfY T\u00fa Qu\u00e9 Has Hecho? C1. Veinte A\u00f1os C2. El Carretero C3. Candela C4. Amor De Loca Juventud D1. Orgullecida D2. Murmullo D3. Buena<\/p>\n","protected":false},"featured_media":99687,"comment_status":"closed","ping_status":"closed","template":"","meta":[],"brand":[29167],"painter":[],"genre":[],"acf":[],"_links":{"self":[{"href":"https:\/\/mandarin.digiants.agency\/en\/wp-json\/wp\/v2\/product\/99686"}],"collection":[{"href":"https:\/\/mandarin.digiants.agency\/en\/wp-json\/wp\/v2\/product"}],"about":[{"href":"https:\/\/mandarin.digiants.agency\/en\/wp-json\/wp\/v2\/types\/product"}],"replies":[{"embeddable":true,"href":"https:\/\/mandarin.digiants.agency\/en\/wp-json\/wp\/v2\/comments?post=99686"}],"wp:featuredmedia":[{"embeddable":true,"href":"https:\/\/mandarin.digiants.agency\/en\/wp-json\/wp\/v2\/media\/99687"}],"wp:attachment":[{"href":"https:\/\/mandarin.digiants.agency\/en\/wp-json\/wp\/v2\/media?parent=99686"}],"wp:term":[{"taxonomy":"brand","embeddable":true,"href":"https:\/\/mandarin.digiants.agency\/en\/wp-json\/wp\/v2\/brand?post=99686"},{"taxonomy":"painter","embeddable":true,"href":"https:\/\/mandarin.digiants.agency\/en\/wp-json\/wp\/v2\/painter?post=99686"},{"taxonomy":"genre","embeddable":true,"href":"https:\/\/mandarin.digiants.agency\/en\/wp-json\/wp\/v2\/genre?post=99686"}],"curies":[{"name":"wp","href":"https:\/\/api.w.org\/{rel}","templated":true}]}}