{"id":111816,"date":"2025-04-23T22:19:40","date_gmt":"2025-04-23T22:19:40","guid":{"rendered":"https:\/\/mandarin.digiants.agency\/product\/aromasvichka-baccarat-4-elements-feu-createur-chervona\/"},"modified":"2026-01-06T17:28:36","modified_gmt":"2026-01-06T17:28:36","slug":"aromasvichka-baccarat-4-elements-feu-createur-chervona","status":"publish","type":"product","link":"https:\/\/mandarin.digiants.agency\/ru\/product\/aromasvichka-baccarat-4-elements-feu-createur-chervona\/","title":{"rendered":"\u0410\u0440\u043e\u043c\u0430\u0441\u0432\u0435\u0447\u043a\u0430 Baccarat 4 Elements Feu Creator \u043a\u0440\u0430\u0441\u043d\u0430\u044f"},"content":{"rendered":"<div>\n<h2>\u0410\u0440\u043e\u043c\u0430\u0442\u0438\u0447\u0435\u0441\u043a\u0430\u044f \u0441\u0432\u0435\u0447\u0430 Baccarat Feu Cr\u00e9ateur (\u0422\u0432\u043e\u0440\u0447\u0435\u0441\u043a\u0438\u0439 \u043e\u0433\u043e\u043d\u044c) &#8211; \u041a\u043e\u043b\u043b\u0435\u043a\u0446\u0438\u044f &#8220;\u0427\u0435\u0442\u044b\u0440\u0435 \u0441\u0442\u0438\u0445\u0438\u0438&#8221;<\/h2>\n<p>Feu Cr\u00e9ateur (\u0422\u0432\u043e\u0440\u0447\u0435\u0441\u043a\u0438\u0439 \u043e\u0433\u043e\u043d\u044c) \u043f\u0440\u0438\u043d\u0430\u0434\u043b\u0435\u0436\u0438\u0442 \u043a \u043a\u043e\u043b\u043b\u0435\u043a\u0446\u0438\u0438 \u0430\u0440\u043e\u043c\u0430\u0442\u0438\u0447\u0435\u0441\u043a\u0438\u0445 \u0441\u0432\u0435\u0447\u0435\u0439 Baccarat &#8220;\u0427\u0435\u0442\u044b\u0440\u0435 \u0441\u0442\u0438\u0445\u0438\u0438&#8221;. \u042d\u0442\u0430 \u043a\u043e\u043b\u043b\u0435\u043a\u0446\u0438\u044f \u0432\u043a\u043b\u044e\u0447\u0430\u0435\u0442 \u0447\u0435\u0442\u044b\u0440\u0435 \u0444\u0438\u0440\u043c\u0435\u043d\u043d\u044b\u0445 \u0430\u0440\u043e\u043c\u0430\u0442\u0430, \u043a\u0430\u0436\u0434\u044b\u0439 \u0438\u0437 \u043a\u043e\u0442\u043e\u0440\u044b\u0445 \u0432\u043e\u043f\u043b\u043e\u0449\u0430\u0435\u0442 \u0443\u043d\u0438\u043a\u0430\u043b\u044c\u043d\u0443\u044e \u0441\u0443\u0442\u044c \u0437\u0435\u043c\u043b\u0438, \u0432\u043e\u0434\u044b, \u0432\u043e\u0437\u0434\u0443\u0445\u0430 \u0438 \u043e\u0433\u043d\u044f. \u0421\u0432\u0435\u0447\u0430 Feu Cr\u00e9ateur \u0432 \u043a\u0440\u0430\u0441\u043d\u043e\u043c \u0445\u0440\u0443\u0441\u0442\u0430\u043b\u044c\u043d\u043e\u043c \u043a\u043e\u043d\u0442\u0435\u0439\u043d\u0435\u0440\u0435 \u043d\u0430\u043f\u043e\u043c\u0438\u043d\u0430\u0435\u0442 \u0447\u0430\u0440\u0443\u044e\u0449\u0435\u0435 \u0442\u0435\u043f\u043b\u043e \u043f\u043b\u0430\u043c\u0435\u043d\u0438 \u0438 \u0441\u043e\u0437\u0434\u0430\u0435\u0442 \u0437\u0430\u0445\u0432\u0430\u0442\u044b\u0432\u0430\u044e\u0449\u0443\u044e \u0430\u0442\u043c\u043e\u0441\u0444\u0435\u0440\u0443 \u0431\u043b\u0430\u0433\u043e\u0434\u0430\u0440\u044f \u0441\u0432\u043e\u0438\u043c \u0434\u0440\u0435\u0432\u0435\u0441\u043d\u044b\u043c \u043d\u043e\u0442\u0430\u043c \u0432\u0435\u0442\u0438\u0432\u0435\u0440\u0430, \u043a\u0435\u0434\u0440\u0430 \u0438 \u0431\u0435\u0440\u0435\u0437\u044b. \u041a\u0430\u0436\u0434\u0430\u044f \u0441\u0432\u0435\u0447\u0430 \u0438\u0437\u0433\u043e\u0442\u043e\u0432\u043b\u0435\u043d\u0430 \u0438\u0437 \u0444\u0440\u0430\u043d\u0446\u0443\u0437\u0441\u043a\u043e\u0433\u043e \u0432\u043e\u0441\u043a\u0430 \u0440\u0430\u0441\u0442\u0438\u0442\u0435\u043b\u044c\u043d\u043e\u0433\u043e \u0438 \u043c\u0438\u043d\u0435\u0440\u0430\u043b\u044c\u043d\u043e\u0433\u043e \u043f\u0440\u043e\u0438\u0441\u0445\u043e\u0436\u0434\u0435\u043d\u0438\u044f.<\/p>\n<p>\u041a\u043e\u043b\u043b\u0435\u043a\u0446\u0438\u044f \u0430\u0440\u043e\u043c\u0430\u0442\u0438\u0447\u0435\u0441\u043a\u0438\u0445 \u0441\u0432\u0435\u0447\u0435\u0439 Baccarat &#8220;\u0427\u0435\u0442\u044b\u0440\u0435 \u0441\u0442\u0438\u0445\u0438\u0438&#8221; \u0447\u0435\u0440\u043f\u0430\u0435\u0442 \u0432\u0434\u043e\u0445\u043d\u043e\u0432\u0435\u043d\u0438\u0435 \u0438\u0437 \u0430\u043b\u0445\u0438\u043c\u0438\u0438 \u0447\u0435\u0442\u044b\u0440\u0435\u0445 \u043e\u0441\u043d\u043e\u0432\u043d\u044b\u0445 \u0441\u0442\u0438\u0445\u0438\u0439 \u0436\u0438\u0437\u043d\u0438, \u043b\u0435\u0436\u0430\u0449\u0438\u0445 \u0432 \u043e\u0441\u043d\u043e\u0432\u0435 \u0432\u0441\u0435\u0445 \u0442\u0432\u043e\u0440\u0435\u043d\u0438\u0439 Baccarat. \u041f\u0440\u0435\u0434\u0441\u0442\u0430\u0432\u043b\u0435\u043d\u043d\u0430\u044f \u0432 \u043a\u0440\u0430\u0441\u0438\u0432\u043e\u043c \u0445\u0440\u0443\u0441\u0442\u0430\u043b\u044c\u043d\u043e\u043c \u043a\u043e\u043d\u0442\u0435\u0439\u043d\u0435\u0440\u0435 Baccarat, \u043a\u0430\u0436\u0434\u0430\u044f \u0441\u0432\u0435\u0447\u0430 \u0440\u0430\u0441\u043f\u0440\u043e\u0441\u0442\u0440\u0430\u043d\u044f\u0435\u0442 \u043e\u0441\u043e\u0431\u0443\u044e \u043e\u043b\u044c\u0444\u0430\u043a\u0442\u043e\u0440\u043d\u0443\u044e \u0430\u0442\u043c\u043e\u0441\u0444\u0435\u0440\u0443, \u0434\u0430\u0440\u044f \u0443\u0434\u043e\u0432\u043e\u043b\u044c\u0441\u0442\u0432\u0438\u0435 \u0438 \u0440\u0430\u0434\u043e\u0441\u0442\u044c \u043d\u0430 \u043f\u0440\u043e\u0442\u044f\u0436\u0435\u043d\u0438\u0438 \u0432\u0441\u0435\u0433\u043e \u0432\u0440\u0435\u043c\u0435\u043d\u0438 \u0433\u043e\u0440\u0435\u043d\u0438\u044f.<\/p>\n<h3>\u0425\u0430\u0440\u0430\u043a\u0442\u0435\u0440\u0438\u0441\u0442\u0438\u043a\u0438<\/h3>\n<p><strong>\u0412\u044b\u0441\u043e\u0442\u0430:<\/strong> 10.50 \u0441\u043c<\/p>\n<p><strong>\u0412\u0435\u0441:<\/strong> 0.70 \u043a\u0433<\/p>\n<p><strong>\u0414\u0438\u0430\u043c\u0435\u0442\u0440:<\/strong> 8.20 \u0441\u043c<\/p>\n<p><strong>\u041c\u0430\u0442\u0435\u0440\u0438\u0430\u043b:<\/strong> \u0425\u0440\u0443\u0441\u0442\u0430\u043b\u044c<\/p>\n<p><strong>\u0414\u0435\u0442\u0430\u043b\u0438 \u043c\u0430\u0442\u0435\u0440\u0438\u0430\u043b\u0430:<\/strong> \u0412\u043e\u0441\u043a \u0438 \u0445\u0440\u0443\u0441\u0442\u0430\u043b\u044c<\/p>\n<p><strong>\u0426\u0432\u0435\u0442:<\/strong> \u041a\u0440\u0430\u0441\u043d\u044b\u0439<\/p>\n<p><strong>\u0421\u043e\u0441\u0442\u0430\u0432:<\/strong> 1-(1,2,3,4,5,6,7,8-OCTAHYDRO &#8211; 2,3,8,8 &#8211; T\u00c9 &#8211; TRAM\u00c9THYL &#8211; 2-NAPHTYL)\u00c9THAN-1-ONE, CEDRYL M\u00c9THYL \u00c9THER, EUGENOL, ISOEUGENOL<\/p>\n<p><strong>\u041d\u043e\u0442\u044b \u0430\u0440\u043e\u043c\u0430\u0442\u0430:<\/strong> \u0410\u043a\u043a\u043e\u0440\u0434 \u043c\u0435\u0442\u0430\u043b\u043b\u0430, \u0412\u0435\u0442\u0438\u0432\u0435\u0440, \u041a\u0435\u0434\u0440, \u0411\u0435\u0440\u0435\u0437\u0430<\/p>\n<p><strong>\u0412\u0440\u0435\u043c\u044f \u0433\u043e\u0440\u0435\u043d\u0438\u044f \u0441\u0432\u0435\u0447\u0438:<\/strong> 55 \u0447\u0430\u0441\u043e\u0432<\/p>\n<p><strong>\u0421\u0434\u0435\u043b\u0430\u043d\u043e \u0432:<\/strong> \u0424\u0440\u0430\u043d\u0446\u0438\u044f<\/p>\n<p><strong>\u0413\u043e\u0434 \u0441\u043e\u0437\u0434\u0430\u043d\u0438\u044f:<\/strong> 2024<\/p>\n<\/div>\n","protected":false},"excerpt":{"rendered":"<p>\u0410\u0440\u043e\u043c\u0430\u0442\u0438\u0447\u0435\u0441\u043a\u0430\u044f \u0441\u0432\u0435\u0447\u0430 Baccarat Feu Cr\u00e9ateur (\u0422\u0432\u043e\u0440\u0447\u0435\u0441\u043a\u0438\u0439 \u043e\u0433\u043e\u043d\u044c) &#8211; \u041a\u043e\u043b\u043b\u0435\u043a\u0446\u0438\u044f &#8220;\u0427\u0435\u0442\u044b\u0440\u0435 \u0441\u0442\u0438\u0445\u0438\u0438&#8221; Feu Cr\u00e9ateur (\u0422\u0432\u043e\u0440\u0447\u0435\u0441\u043a\u0438\u0439 \u043e\u0433\u043e\u043d\u044c) \u043f\u0440\u0438\u043d\u0430\u0434\u043b\u0435\u0436\u0438\u0442 \u043a \u043a\u043e\u043b\u043b\u0435\u043a\u0446\u0438\u0438 \u0430\u0440\u043e\u043c\u0430\u0442\u0438\u0447\u0435\u0441\u043a\u0438\u0445 \u0441\u0432\u0435\u0447\u0435\u0439 Baccarat &#8220;\u0427\u0435\u0442\u044b\u0440\u0435 \u0441\u0442\u0438\u0445\u0438\u0438&#8221;. \u042d\u0442\u0430 \u043a\u043e\u043b\u043b\u0435\u043a\u0446\u0438\u044f \u0432\u043a\u043b\u044e\u0447\u0430\u0435\u0442 \u0447\u0435\u0442\u044b\u0440\u0435 \u0444\u0438\u0440\u043c\u0435\u043d\u043d\u044b\u0445 \u0430\u0440\u043e\u043c\u0430\u0442\u0430, \u043a\u0430\u0436\u0434\u044b\u0439 \u0438\u0437 \u043a\u043e\u0442\u043e\u0440\u044b\u0445 \u0432\u043e\u043f\u043b\u043e\u0449\u0430\u0435\u0442 \u0443\u043d\u0438\u043a\u0430\u043b\u044c\u043d\u0443\u044e \u0441\u0443\u0442\u044c \u0437\u0435\u043c\u043b\u0438, \u0432\u043e\u0434\u044b, \u0432\u043e\u0437\u0434\u0443\u0445\u0430 \u0438 \u043e\u0433\u043d\u044f. \u0421\u0432\u0435\u0447\u0430 Feu Cr\u00e9ateur \u0432 \u043a\u0440\u0430\u0441\u043d\u043e\u043c \u0445\u0440\u0443\u0441\u0442\u0430\u043b\u044c\u043d\u043e\u043c \u043a\u043e\u043d\u0442\u0435\u0439\u043d\u0435\u0440\u0435 \u043d\u0430\u043f\u043e\u043c\u0438\u043d\u0430\u0435\u0442 \u0447\u0430\u0440\u0443\u044e\u0449\u0435\u0435 \u0442\u0435\u043f\u043b\u043e \u043f\u043b\u0430\u043c\u0435\u043d\u0438 \u0438 \u0441\u043e\u0437\u0434\u0430\u0435\u0442 \u0437\u0430\u0445\u0432\u0430\u0442\u044b\u0432\u0430\u044e\u0449\u0443\u044e \u0430\u0442\u043c\u043e\u0441\u0444\u0435\u0440\u0443<\/p>\n","protected":false},"featured_media":111817,"comment_status":"closed","ping_status":"closed","template":"","meta":[],"brand":[29884],"painter":[],"genre":[],"acf":[],"_links":{"self":[{"href":"https:\/\/mandarin.digiants.agency\/ru\/wp-json\/wp\/v2\/product\/111816"}],"collection":[{"href":"https:\/\/mandarin.digiants.agency\/ru\/wp-json\/wp\/v2\/product"}],"about":[{"href":"https:\/\/mandarin.digiants.agency\/ru\/wp-json\/wp\/v2\/types\/product"}],"replies":[{"embeddable":true,"href":"https:\/\/mandarin.digiants.agency\/ru\/wp-json\/wp\/v2\/comments?post=111816"}],"wp:featuredmedia":[{"embeddable":true,"href":"https:\/\/mandarin.digiants.agency\/ru\/wp-json\/wp\/v2\/media\/111817"}],"wp:attachment":[{"href":"https:\/\/mandarin.digiants.agency\/ru\/wp-json\/wp\/v2\/media?parent=111816"}],"wp:term":[{"taxonomy":"brand","embeddable":true,"href":"https:\/\/mandarin.digiants.agency\/ru\/wp-json\/wp\/v2\/brand?post=111816"},{"taxonomy":"painter","embeddable":true,"href":"https:\/\/mandarin.digiants.agency\/ru\/wp-json\/wp\/v2\/painter?post=111816"},{"taxonomy":"genre","embeddable":true,"href":"https:\/\/mandarin.digiants.agency\/ru\/wp-json\/wp\/v2\/genre?post=111816"}],"curies":[{"name":"wp","href":"https:\/\/api.w.org\/{rel}","templated":true}]}}